{"id":4119,"date":"2024-12-13T07:23:01","date_gmt":"2024-12-13T07:23:01","guid":{"rendered":"https:\/\/drones4vet.eu\/?page_id=4119"},"modified":"2024-12-13T07:23:56","modified_gmt":"2024-12-13T07:23:56","slug":"transnationaler-bericht-2","status":"publish","type":"page","link":"https:\/\/drones4vet.eu\/de\/transnationaler-bericht-2\/","title":{"rendered":"Pilotkurs"},"content":{"rendered":"\t\t<div data-elementor-type=\"wp-page\" data-elementor-id=\"4119\" class=\"elementor elementor-4119\">\n\t\t\t\t\t\t\t\t\t<section class=\"elementor-section elementor-top-section elementor-element elementor-element-50d1f44 elementor-section-full_width elementor-section-stretched elementor-section-height-default elementor-section-height-default\" data-id=\"50d1f44\" data-element_type=\"section\" data-settings=\"{&quot;stretch_section&quot;:&quot;section-stretched&quot;,&quot;background_background&quot;:&quot;classic&quot;}\">\n\t\t\t\t\t\t\t<div class=\"elementor-background-overlay\"><\/div>\n\t\t\t\t\t\t\t<div class=\"elementor-container elementor-column-gap-no\">\n\t\t\t\t\t<div class=\"elementor-column elementor-col-100 elementor-top-column elementor-element elementor-element-53a58c1\" data-id=\"53a58c1\" data-element_type=\"column\">\n\t\t\t<div class=\"elementor-widget-wrap elementor-element-populated\">\n\t\t\t\t\t\t\t\t<div class=\"elementor-element elementor-element-38267be elementor-widget elementor-widget-heading\" data-id=\"38267be\" data-element_type=\"widget\" data-widget_type=\"heading.default\">\n\t\t\t\t<div class=\"elementor-widget-container\">\n\t\t\t<style>\/*! elementor - v3.8.1 - 13-11-2022 *\/\n.elementor-heading-title{padding:0;margin:0;line-height:1}.elementor-widget-heading .elementor-heading-title[class*=elementor-size-]>a{color:inherit;font-size:inherit;line-height:inherit}.elementor-widget-heading .elementor-heading-title.elementor-size-small{font-size:15px}.elementor-widget-heading .elementor-heading-title.elementor-size-medium{font-size:19px}.elementor-widget-heading .elementor-heading-title.elementor-size-large{font-size:29px}.elementor-widget-heading .elementor-heading-title.elementor-size-xl{font-size:39px}.elementor-widget-heading .elementor-heading-title.elementor-size-xxl{font-size:59px}<\/style><h1 class=\"elementor-heading-title elementor-size-default\">Pilotkurs<\/h1>\t\t<\/div>\n\t\t\t\t<\/div>\n\t\t\t\t\t<\/div>\n\t\t<\/div>\n\t\t\t\t\t\t\t<\/div>\n\t\t<\/section>\n\t\t\t\t<section class=\"elementor-section elementor-top-section elementor-element elementor-element-d77cd23 elementor-section-boxed elementor-section-height-default elementor-section-height-default\" data-id=\"d77cd23\" data-element_type=\"section\">\n\t\t\t\t\t\t<div class=\"elementor-container elementor-column-gap-default\">\n\t\t\t\t\t<div class=\"elementor-column elementor-col-16 elementor-top-column elementor-element elementor-element-2d5ecd6\" data-id=\"2d5ecd6\" data-element_type=\"column\">\n\t\t\t<div class=\"elementor-widget-wrap\">\n\t\t\t\t\t\t\t\t\t<\/div>\n\t\t<\/div>\n\t\t\t\t<div class=\"elementor-column elementor-col-66 elementor-top-column elementor-element elementor-element-8c15ef8\" data-id=\"8c15ef8\" data-element_type=\"column\">\n\t\t\t<div class=\"elementor-widget-wrap elementor-element-populated\">\n\t\t\t\t\t\t\t\t<div class=\"elementor-element elementor-element-336f6e6 elementor-aspect-ratio-169 elementor-widget elementor-widget-video\" data-id=\"336f6e6\" data-element_type=\"widget\" data-settings=\"{&quot;video_type&quot;:&quot;hosted&quot;,&quot;controls&quot;:&quot;yes&quot;,&quot;aspect_ratio&quot;:&quot;169&quot;}\" data-widget_type=\"video.default\">\n\t\t\t\t<div class=\"elementor-widget-container\">\n\t\t\t<style>\/*! elementor - v3.8.1 - 13-11-2022 *\/\n.elementor-widget-video .elementor-widget-container{overflow:hidden;-webkit-transform:translateZ(0);transform:translateZ(0)}.elementor-widget-video .elementor-open-inline .elementor-custom-embed-image-overlay{position:absolute;top:0;left:0;width:100%;height:100%;background-size:cover;background-position:50%}.elementor-widget-video .elementor-custom-embed-image-overlay{cursor:pointer;text-align:center}.elementor-widget-video .elementor-custom-embed-image-overlay:hover .elementor-custom-embed-play i{opacity:1}.elementor-widget-video .elementor-custom-embed-image-overlay img{display:block;width:100%}.elementor-widget-video .e-hosted-video .elementor-video{-o-object-fit:cover;object-fit:cover}.e-con-inner>.elementor-widget-video,.e-con>.elementor-widget-video{width:var(--container-widget-width,100%)}<\/style>\t\t<div class=\"e-hosted-video elementor-wrapper elementor-fit-aspect-ratio elementor-open-inline\">\n\t\t\t\t\t<video class=\"elementor-video\" src=\"https:\/\/drones4vet.eu\/videos\/crn-drones.mp4\" controls=\"\" controlsList=\"nodownload\"><\/video>\n\t\t\t\t<\/div>\n\t\t\t\t<\/div>\n\t\t\t\t<\/div>\n\t\t\t\t<div class=\"elementor-element elementor-element-84d4aa9 elementor-widget elementor-widget-text-editor\" data-id=\"84d4aa9\" data-element_type=\"widget\" data-widget_type=\"text-editor.default\">\n\t\t\t\t<div class=\"elementor-widget-container\">\n\t\t\t<style>\/*! elementor - v3.8.1 - 13-11-2022 *\/\n.elementor-widget-text-editor.elementor-drop-cap-view-stacked .elementor-drop-cap{background-color:#818a91;color:#fff}.elementor-widget-text-editor.elementor-drop-cap-view-framed .elementor-drop-cap{color:#818a91;border:3px solid;background-color:transparent}.elementor-widget-text-editor:not(.elementor-drop-cap-view-default) .elementor-drop-cap{margin-top:8px}.elementor-widget-text-editor:not(.elementor-drop-cap-view-default) .elementor-drop-cap-letter{width:1em;height:1em}.elementor-widget-text-editor .elementor-drop-cap{float:left;text-align:center;line-height:1;font-size:50px}.elementor-widget-text-editor .elementor-drop-cap-letter{display:inline-block}<\/style>\t\t\t\t<p>Informieren Sie sich \u00fcber alle Einzelheiten des Pilotkurses, der im CRN Paracuellos stattfindet, indem Sie auf den folgenden Link klicken:\u00a0<a title=\"https:\/\/edificayobracivil.centrosdeformacion.empleo.madrid.org\/curso-drones4vet\" href=\"https:\/\/edificayobracivil.centrosdeformacion.empleo.madrid.org\/curso-drones4vet\" data-auth=\"NotApplicable\" data-linkindex=\"4\">https:\/\/edificayobracivil.centrosdeformacion.empleo.madrid.org\/curso-drones4vet<\/a><\/p>\t\t\t\t\t\t<\/div>\n\t\t\t\t<\/div>\n\t\t\t\t\t<\/div>\n\t\t<\/div>\n\t\t\t\t<div class=\"elementor-column elementor-col-16 elementor-top-column elementor-element elementor-element-2a1c713\" data-id=\"2a1c713\" data-element_type=\"column\">\n\t\t\t<div class=\"elementor-widget-wrap\">\n\t\t\t\t\t\t\t\t\t<\/div>\n\t\t<\/div>\n\t\t\t\t\t\t\t<\/div>\n\t\t<\/section>\n\t\t\t\t<section class=\"elementor-section elementor-top-section elementor-element elementor-element-7bb6796 elementor-section-full_width elementor-section-stretched elementor-section-height-default elementor-section-height-default\" data-id=\"7bb6796\" data-element_type=\"section\" data-settings=\"{&quot;stretch_section&quot;:&quot;section-stretched&quot;,&quot;background_background&quot;:&quot;classic&quot;}\">\n\t\t\t\t\t\t<div class=\"elementor-container elementor-column-gap-no\">\n\t\t\t\t\t<div class=\"elementor-column elementor-col-100 elementor-top-column elementor-element elementor-element-49be954\" data-id=\"49be954\" data-element_type=\"column\">\n\t\t\t<div class=\"elementor-widget-wrap\">\n\t\t\t\t\t\t\t\t\t<\/div>\n\t\t<\/div>\n\t\t\t\t\t\t\t<\/div>\n\t\t<\/section>\n\t\t\t\t<section class=\"elementor-section elementor-top-section elementor-element elementor-element-7181fd8d elementor-section-full_width elementor-section-stretched elementor-section-height-default elementor-section-height-default\" data-id=\"7181fd8d\" data-element_type=\"section\" data-settings=\"{&quot;stretch_section&quot;:&quot;section-stretched&quot;,&quot;background_background&quot;:&quot;classic&quot;}\">\n\t\t\t\t\t\t<div class=\"elementor-container elementor-column-gap-default\">\n\t\t\t\t\t<div class=\"elementor-column elementor-col-100 elementor-top-column elementor-element elementor-element-4680837c\" data-id=\"4680837c\" data-element_type=\"column\">\n\t\t\t<div class=\"elementor-widget-wrap elementor-element-populated\">\n\t\t\t\t\t\t\t\t<div class=\"elementor-element elementor-element-5a0d6f3a elementor-widget__width-initial elementor-widget elementor-widget-image\" data-id=\"5a0d6f3a\" data-element_type=\"widget\" data-widget_type=\"image.default\">\n\t\t\t\t<div class=\"elementor-widget-container\">\n\t\t\t<style>\/*! elementor - v3.8.1 - 13-11-2022 *\/\n.elementor-widget-image{text-align:center}.elementor-widget-image a{display:inline-block}.elementor-widget-image a img[src$=\".svg\"]{width:48px}.elementor-widget-image img{vertical-align:middle;display:inline-block}<\/style>\t\t\t\t\t\t\t\t\t\t\t\t<img loading=\"lazy\" decoding=\"async\" width=\"300\" height=\"144\" src=\"https:\/\/drones4vet.eu\/wp-content\/uploads\/2022\/11\/logo-footer-300x144.webp\" class=\"attachment-medium size-medium\" alt=\"logos del footer\" srcset=\"https:\/\/drones4vet.eu\/wp-content\/uploads\/2022\/11\/logo-footer-300x144.webp 300w, https:\/\/drones4vet.eu\/wp-content\/uploads\/2022\/11\/logo-footer.webp 377w\" sizes=\"auto, (max-width: 300px) 100vw, 300px\" \/>\t\t\t\t\t\t\t\t\t\t\t\t\t\t\t<\/div>\n\t\t\t\t<\/div>\n\t\t\t\t<div class=\"elementor-element elementor-element-49768b87 elementor-widget__width-initial elementor-widget elementor-widget-text-editor\" data-id=\"49768b87\" data-element_type=\"widget\" data-widget_type=\"text-editor.default\">\n\t\t\t\t<div class=\"elementor-widget-container\">\n\t\t\t\t\t\t\t<p>Drones4VET wird durch das Erasmus+ Programm der Europ\u00e4ischen Union finanziert. Die in den Arbeitspapieren, Ergebnissen und Berichten ge\u00e4u\u00dferten Ansichten sind die der Partner des Projektkonsortiums.<\/p>\n<p>Diese Ansichten wurden von der Kommission weder angenommen noch gebilligt und sollten nicht als Ausdruck der Ansichten der Kommission oder ihrer Dienststellen betrachtet werden. Die Europ\u00e4ische Kommission \u00fcbernimmt keine Gew\u00e4hr f\u00fcr die Richtigkeit der in den Arbeitspapieren und Berichten enthaltenen Daten und haftet auch nicht f\u00fcr deren Verwendung.<\/p>\n<div> <\/div>\n\t\t\t\t\t\t<\/div>\n\t\t\t\t<\/div>\n\t\t\t\t<div class=\"elementor-element elementor-element-268b616b elementor-widget-divider--view-line elementor-widget elementor-widget-divider\" data-id=\"268b616b\" data-element_type=\"widget\" data-widget_type=\"divider.default\">\n\t\t\t\t<div class=\"elementor-widget-container\">\n\t\t\t<style>\/*! elementor - v3.8.1 - 13-11-2022 *\/\n.elementor-widget-divider{--divider-border-style:none;--divider-border-width:1px;--divider-color:#2c2c2c;--divider-icon-size:20px;--divider-element-spacing:10px;--divider-pattern-height:24px;--divider-pattern-size:20px;--divider-pattern-url:none;--divider-pattern-repeat:repeat-x}.elementor-widget-divider .elementor-divider{display:-webkit-box;display:-ms-flexbox;display:flex}.elementor-widget-divider .elementor-divider__text{font-size:15px;line-height:1;max-width:95%}.elementor-widget-divider .elementor-divider__element{margin:0 var(--divider-element-spacing);-ms-flex-negative:0;flex-shrink:0}.elementor-widget-divider .elementor-icon{font-size:var(--divider-icon-size)}.elementor-widget-divider .elementor-divider-separator{display:-webkit-box;display:-ms-flexbox;display:flex;margin:0;direction:ltr}.elementor-widget-divider--view-line_icon .elementor-divider-separator,.elementor-widget-divider--view-line_text .elementor-divider-separator{-webkit-box-align:center;-ms-flex-align:center;align-items:center}.elementor-widget-divider--view-line_icon .elementor-divider-separator:after,.elementor-widget-divider--view-line_icon .elementor-divider-separator:before,.elementor-widget-divider--view-line_text .elementor-divider-separator:after,.elementor-widget-divider--view-line_text .elementor-divider-separator:before{display:block;content:\"\";border-bottom:0;-webkit-box-flex:1;-ms-flex-positive:1;flex-grow:1;border-top:var(--divider-border-width) var(--divider-border-style) var(--divider-color)}.elementor-widget-divider--element-align-left .elementor-divider .elementor-divider-separator>.elementor-divider__svg:first-of-type{-webkit-box-flex:0;-ms-flex-positive:0;flex-grow:0;-ms-flex-negative:100;flex-shrink:100}.elementor-widget-divider--element-align-left .elementor-divider-separator:before{content:none}.elementor-widget-divider--element-align-left .elementor-divider__element{margin-left:0}.elementor-widget-divider--element-align-right .elementor-divider .elementor-divider-separator>.elementor-divider__svg:last-of-type{-webkit-box-flex:0;-ms-flex-positive:0;flex-grow:0;-ms-flex-negative:100;flex-shrink:100}.elementor-widget-divider--element-align-right .elementor-divider-separator:after{content:none}.elementor-widget-divider--element-align-right .elementor-divider__element{margin-right:0}.elementor-widget-divider:not(.elementor-widget-divider--view-line_text):not(.elementor-widget-divider--view-line_icon) .elementor-divider-separator{border-top:var(--divider-border-width) var(--divider-border-style) var(--divider-color)}.elementor-widget-divider--separator-type-pattern{--divider-border-style:none}.elementor-widget-divider--separator-type-pattern.elementor-widget-divider--view-line .elementor-divider-separator,.elementor-widget-divider--separator-type-pattern:not(.elementor-widget-divider--view-line) .elementor-divider-separator:after,.elementor-widget-divider--separator-type-pattern:not(.elementor-widget-divider--view-line) .elementor-divider-separator:before,.elementor-widget-divider--separator-type-pattern:not([class*=elementor-widget-divider--view]) .elementor-divider-separator{width:100%;min-height:var(--divider-pattern-height);-webkit-mask-size:var(--divider-pattern-size) 100%;mask-size:var(--divider-pattern-size) 100%;-webkit-mask-repeat:var(--divider-pattern-repeat);mask-repeat:var(--divider-pattern-repeat);background-color:var(--divider-color);-webkit-mask-image:var(--divider-pattern-url);mask-image:var(--divider-pattern-url)}.elementor-widget-divider--no-spacing{--divider-pattern-size:auto}.elementor-widget-divider--bg-round{--divider-pattern-repeat:round}.rtl .elementor-widget-divider .elementor-divider__text{direction:rtl}.e-con-inner>.elementor-widget-divider,.e-con>.elementor-widget-divider{width:var(--container-widget-width,100%)}<\/style>\t\t<div class=\"elementor-divider\">\n\t\t\t<span class=\"elementor-divider-separator\">\n\t\t\t\t\t\t<\/span>\n\t\t<\/div>\n\t\t\t\t<\/div>\n\t\t\t\t<\/div>\n\t\t\t\t\t<\/div>\n\t\t<\/div>\n\t\t\t\t\t\t\t<\/div>\n\t\t<\/section>\n\t\t\t\t\t\t\t<\/div>\n\t\t","protected":false},"excerpt":{"rendered":"<p>Pilotkurs https:\/\/drones4vet.eu\/videos\/crn-drones.mp4 Informieren Sie sich \u00fcber alle Einzelheiten des Pilotkurses, der im CRN Paracuellos stattfindet, indem Sie auf den folgenden Link klicken:\u00a0https:\/\/edificayobracivil.centrosdeformacion.empleo.madrid.org\/curso-drones4vet Drones4VET wird durch das Erasmus+ Programm der Europ\u00e4ischen Union finanziert. Die in den Arbeitspapieren, Ergebnissen und Berichten ge\u00e4u\u00dferten Ansichten sind die der Partner des Projektkonsortiums. Diese Ansichten wurden von der Kommission weder angenommen &#8230; <a title=\"Pilotkurs\" class=\"read-more\" href=\"https:\/\/drones4vet.eu\/de\/transnationaler-bericht-2\/\" aria-label=\"Mehr zu Pilotkurs\">Weiterlesen<\/a><\/p>\n","protected":false},"author":1,"featured_media":0,"parent":0,"menu_order":0,"comment_status":"closed","ping_status":"closed","template":"elementor_header_footer","meta":{"footnotes":""},"class_list":["post-4119","page","type-page","status-publish"],"yoast_head":"<!-- This site is optimized with the Yoast SEO plugin v19.10 - https:\/\/yoast.com\/wordpress\/plugins\/seo\/ -->\n<title>Pilotkurs - drones4vet<\/title>\n<meta name=\"robots\" content=\"index, follow, max-snippet:-1, max-image-preview:large, max-video-preview:-1\" \/>\n<link rel=\"canonical\" href=\"https:\/\/drones4vet.eu\/de\/transnationaler-bericht-2\/\" \/>\n<meta property=\"og:locale\" content=\"de_DE\" \/>\n<meta property=\"og:type\" content=\"article\" \/>\n<meta property=\"og:title\" content=\"Pilotkurs - drones4vet\" \/>\n<meta property=\"og:description\" content=\"Pilotkurs https:\/\/drones4vet.eu\/videos\/crn-drones.mp4 Informieren Sie sich \u00fcber alle Einzelheiten des Pilotkurses, der im CRN Paracuellos stattfindet, indem Sie auf den folgenden Link klicken:\u00a0https:\/\/edificayobracivil.centrosdeformacion.empleo.madrid.org\/curso-drones4vet Drones4VET wird durch das Erasmus+ Programm der Europ\u00e4ischen Union finanziert. Die in den Arbeitspapieren, Ergebnissen und Berichten ge\u00e4u\u00dferten Ansichten sind die der Partner des Projektkonsortiums. Diese Ansichten wurden von der Kommission weder angenommen ... Weiterlesen\" \/>\n<meta property=\"og:url\" content=\"https:\/\/drones4vet.eu\/de\/transnationaler-bericht-2\/\" \/>\n<meta property=\"og:site_name\" content=\"drones4vet\" \/>\n<meta property=\"article:modified_time\" content=\"2024-12-13T07:23:56+00:00\" \/>\n<meta property=\"og:image\" content=\"http:\/\/drones4vet.eu\/wp-content\/uploads\/2022\/11\/logo-footer-300x144.webp\" \/>\n<meta name=\"twitter:card\" content=\"summary_large_image\" \/>\n<meta name=\"twitter:label1\" content=\"Gesch\u00e4tzte Lesezeit\" \/>\n\t<meta name=\"twitter:data1\" content=\"1\u00a0Minute\" \/>\n<script type=\"application\/ld+json\" class=\"yoast-schema-graph\">{\"@context\":\"https:\/\/schema.org\",\"@graph\":[{\"@type\":\"WebPage\",\"@id\":\"https:\/\/drones4vet.eu\/de\/transnationaler-bericht-2\/\",\"url\":\"https:\/\/drones4vet.eu\/de\/transnationaler-bericht-2\/\",\"name\":\"Pilotkurs - drones4vet\",\"isPartOf\":{\"@id\":\"https:\/\/drones4vet.eu\/de\/#website\"},\"datePublished\":\"2024-12-13T07:23:01+00:00\",\"dateModified\":\"2024-12-13T07:23:56+00:00\",\"breadcrumb\":{\"@id\":\"https:\/\/drones4vet.eu\/de\/transnationaler-bericht-2\/#breadcrumb\"},\"inLanguage\":\"de\",\"potentialAction\":[{\"@type\":\"ReadAction\",\"target\":[\"https:\/\/drones4vet.eu\/de\/transnationaler-bericht-2\/\"]}]},{\"@type\":\"BreadcrumbList\",\"@id\":\"https:\/\/drones4vet.eu\/de\/transnationaler-bericht-2\/#breadcrumb\",\"itemListElement\":[{\"@type\":\"ListItem\",\"position\":1,\"name\":\"Portada\",\"item\":\"https:\/\/drones4vet.eu\/de\/\"},{\"@type\":\"ListItem\",\"position\":2,\"name\":\"Pilotkurs\"}]},{\"@type\":\"WebSite\",\"@id\":\"https:\/\/drones4vet.eu\/de\/#website\",\"url\":\"https:\/\/drones4vet.eu\/de\/\",\"name\":\"drones4vet\",\"description\":\"Just another WordPress site\",\"publisher\":{\"@id\":\"https:\/\/drones4vet.eu\/de\/#organization\"},\"potentialAction\":[{\"@type\":\"SearchAction\",\"target\":{\"@type\":\"EntryPoint\",\"urlTemplate\":\"https:\/\/drones4vet.eu\/de\/?s={search_term_string}\"},\"query-input\":\"required name=search_term_string\"}],\"inLanguage\":\"de\"},{\"@type\":\"Organization\",\"@id\":\"https:\/\/drones4vet.eu\/de\/#organization\",\"name\":\"drones4vet\",\"url\":\"https:\/\/drones4vet.eu\/de\/\",\"logo\":{\"@type\":\"ImageObject\",\"inLanguage\":\"de\",\"@id\":\"https:\/\/drones4vet.eu\/de\/#\/schema\/logo\/image\/\",\"url\":\"https:\/\/drones4vet.eu\/wp-content\/uploads\/2023\/06\/cropped-drones-logo.png\",\"contentUrl\":\"https:\/\/drones4vet.eu\/wp-content\/uploads\/2023\/06\/cropped-drones-logo.png\",\"width\":600,\"height\":250,\"caption\":\"drones4vet\"},\"image\":{\"@id\":\"https:\/\/drones4vet.eu\/de\/#\/schema\/logo\/image\/\"}}]}<\/script>\n<!-- \/ Yoast SEO plugin. -->","yoast_head_json":{"title":"Pilotkurs - drones4vet","robots":{"index":"index","follow":"follow","max-snippet":"max-snippet:-1","max-image-preview":"max-image-preview:large","max-video-preview":"max-video-preview:-1"},"canonical":"https:\/\/drones4vet.eu\/de\/transnationaler-bericht-2\/","og_locale":"de_DE","og_type":"article","og_title":"Pilotkurs - drones4vet","og_description":"Pilotkurs https:\/\/drones4vet.eu\/videos\/crn-drones.mp4 Informieren Sie sich \u00fcber alle Einzelheiten des Pilotkurses, der im CRN Paracuellos stattfindet, indem Sie auf den folgenden Link klicken:\u00a0https:\/\/edificayobracivil.centrosdeformacion.empleo.madrid.org\/curso-drones4vet Drones4VET wird durch das Erasmus+ Programm der Europ\u00e4ischen Union finanziert. Die in den Arbeitspapieren, Ergebnissen und Berichten ge\u00e4u\u00dferten Ansichten sind die der Partner des Projektkonsortiums. Diese Ansichten wurden von der Kommission weder angenommen ... Weiterlesen","og_url":"https:\/\/drones4vet.eu\/de\/transnationaler-bericht-2\/","og_site_name":"drones4vet","article_modified_time":"2024-12-13T07:23:56+00:00","og_image":[{"url":"http:\/\/drones4vet.eu\/wp-content\/uploads\/2022\/11\/logo-footer-300x144.webp"}],"twitter_card":"summary_large_image","twitter_misc":{"Gesch\u00e4tzte Lesezeit":"1\u00a0Minute"},"schema":{"@context":"https:\/\/schema.org","@graph":[{"@type":"WebPage","@id":"https:\/\/drones4vet.eu\/de\/transnationaler-bericht-2\/","url":"https:\/\/drones4vet.eu\/de\/transnationaler-bericht-2\/","name":"Pilotkurs - drones4vet","isPartOf":{"@id":"https:\/\/drones4vet.eu\/de\/#website"},"datePublished":"2024-12-13T07:23:01+00:00","dateModified":"2024-12-13T07:23:56+00:00","breadcrumb":{"@id":"https:\/\/drones4vet.eu\/de\/transnationaler-bericht-2\/#breadcrumb"},"inLanguage":"de","potentialAction":[{"@type":"ReadAction","target":["https:\/\/drones4vet.eu\/de\/transnationaler-bericht-2\/"]}]},{"@type":"BreadcrumbList","@id":"https:\/\/drones4vet.eu\/de\/transnationaler-bericht-2\/#breadcrumb","itemListElement":[{"@type":"ListItem","position":1,"name":"Portada","item":"https:\/\/drones4vet.eu\/de\/"},{"@type":"ListItem","position":2,"name":"Pilotkurs"}]},{"@type":"WebSite","@id":"https:\/\/drones4vet.eu\/de\/#website","url":"https:\/\/drones4vet.eu\/de\/","name":"drones4vet","description":"Just another WordPress site","publisher":{"@id":"https:\/\/drones4vet.eu\/de\/#organization"},"potentialAction":[{"@type":"SearchAction","target":{"@type":"EntryPoint","urlTemplate":"https:\/\/drones4vet.eu\/de\/?s={search_term_string}"},"query-input":"required name=search_term_string"}],"inLanguage":"de"},{"@type":"Organization","@id":"https:\/\/drones4vet.eu\/de\/#organization","name":"drones4vet","url":"https:\/\/drones4vet.eu\/de\/","logo":{"@type":"ImageObject","inLanguage":"de","@id":"https:\/\/drones4vet.eu\/de\/#\/schema\/logo\/image\/","url":"https:\/\/drones4vet.eu\/wp-content\/uploads\/2023\/06\/cropped-drones-logo.png","contentUrl":"https:\/\/drones4vet.eu\/wp-content\/uploads\/2023\/06\/cropped-drones-logo.png","width":600,"height":250,"caption":"drones4vet"},"image":{"@id":"https:\/\/drones4vet.eu\/de\/#\/schema\/logo\/image\/"}}]}},"_links":{"self":[{"href":"https:\/\/drones4vet.eu\/de\/wp-json\/wp\/v2\/pages\/4119","targetHints":{"allow":["GET"]}}],"collection":[{"href":"https:\/\/drones4vet.eu\/de\/wp-json\/wp\/v2\/pages"}],"about":[{"href":"https:\/\/drones4vet.eu\/de\/wp-json\/wp\/v2\/types\/page"}],"author":[{"embeddable":true,"href":"https:\/\/drones4vet.eu\/de\/wp-json\/wp\/v2\/users\/1"}],"replies":[{"embeddable":true,"href":"https:\/\/drones4vet.eu\/de\/wp-json\/wp\/v2\/comments?post=4119"}],"version-history":[{"count":4,"href":"https:\/\/drones4vet.eu\/de\/wp-json\/wp\/v2\/pages\/4119\/revisions"}],"predecessor-version":[{"id":4123,"href":"https:\/\/drones4vet.eu\/de\/wp-json\/wp\/v2\/pages\/4119\/revisions\/4123"}],"wp:attachment":[{"href":"https:\/\/drones4vet.eu\/de\/wp-json\/wp\/v2\/media?parent=4119"}],"curies":[{"name":"wp","href":"https:\/\/api.w.org\/{rel}","templated":true}]}}