{"id":3718,"date":"2023-06-26T12:01:50","date_gmt":"2023-06-26T12:01:50","guid":{"rendered":"https:\/\/drones4vet.eu\/manual\/"},"modified":"2025-01-22T12:12:04","modified_gmt":"2025-01-22T12:12:04","slug":"manual","status":"publish","type":"page","link":"https:\/\/drones4vet.eu\/es\/manual\/","title":{"rendered":"Manual"},"content":{"rendered":"\t\t<div data-elementor-type=\"wp-page\" data-elementor-id=\"3718\" class=\"elementor elementor-3718 elementor-3510\">\n\t\t\t\t\t\t\t\t\t<section class=\"elementor-section elementor-top-section elementor-element elementor-element-50d1f44 elementor-section-full_width elementor-section-stretched elementor-section-height-default elementor-section-height-default\" data-id=\"50d1f44\" data-element_type=\"section\" data-settings=\"{&quot;stretch_section&quot;:&quot;section-stretched&quot;,&quot;background_background&quot;:&quot;classic&quot;}\">\n\t\t\t\t\t\t\t<div class=\"elementor-background-overlay\"><\/div>\n\t\t\t\t\t\t\t<div class=\"elementor-container elementor-column-gap-no\">\n\t\t\t\t\t<div class=\"elementor-column elementor-col-100 elementor-top-column elementor-element elementor-element-53a58c1\" data-id=\"53a58c1\" data-element_type=\"column\">\n\t\t\t<div class=\"elementor-widget-wrap elementor-element-populated\">\n\t\t\t\t\t\t\t\t<div class=\"elementor-element elementor-element-38267be elementor-widget elementor-widget-heading\" data-id=\"38267be\" data-element_type=\"widget\" data-widget_type=\"heading.default\">\n\t\t\t\t<div class=\"elementor-widget-container\">\n\t\t\t<style>\/*! elementor - v3.8.1 - 13-11-2022 *\/\n.elementor-heading-title{padding:0;margin:0;line-height:1}.elementor-widget-heading .elementor-heading-title[class*=elementor-size-]>a{color:inherit;font-size:inherit;line-height:inherit}.elementor-widget-heading .elementor-heading-title.elementor-size-small{font-size:15px}.elementor-widget-heading .elementor-heading-title.elementor-size-medium{font-size:19px}.elementor-widget-heading .elementor-heading-title.elementor-size-large{font-size:29px}.elementor-widget-heading .elementor-heading-title.elementor-size-xl{font-size:39px}.elementor-widget-heading .elementor-heading-title.elementor-size-xxl{font-size:59px}<\/style><h1 class=\"elementor-heading-title elementor-size-default\">Manual<\/h1>\t\t<\/div>\n\t\t\t\t<\/div>\n\t\t\t\t\t<\/div>\n\t\t<\/div>\n\t\t\t\t\t\t\t<\/div>\n\t\t<\/section>\n\t\t\t\t<section class=\"elementor-section elementor-top-section elementor-element elementor-element-7bb6796 elementor-section-full_width elementor-section-stretched elementor-section-height-default elementor-section-height-default\" data-id=\"7bb6796\" data-element_type=\"section\" data-settings=\"{&quot;stretch_section&quot;:&quot;section-stretched&quot;,&quot;background_background&quot;:&quot;classic&quot;}\">\n\t\t\t\t\t\t<div class=\"elementor-container elementor-column-gap-no\">\n\t\t\t\t\t<div class=\"elementor-column elementor-col-100 elementor-top-column elementor-element elementor-element-1ab28c06\" data-id=\"1ab28c06\" data-element_type=\"column\">\n\t\t\t<div class=\"elementor-widget-wrap elementor-element-populated\">\n\t\t\t\t\t\t\t\t<section class=\"elementor-section elementor-inner-section elementor-element elementor-element-3a5e7f86 elementor-section-boxed elementor-section-height-default elementor-section-height-default\" data-id=\"3a5e7f86\" data-element_type=\"section\">\n\t\t\t\t\t\t<div class=\"elementor-container elementor-column-gap-default\">\n\t\t\t\t\t<div class=\"elementor-column elementor-col-100 elementor-inner-column elementor-element elementor-element-60612d58\" data-id=\"60612d58\" data-element_type=\"column\">\n\t\t\t<div class=\"elementor-widget-wrap elementor-element-populated\">\n\t\t\t\t\t\t\t\t<div class=\"elementor-element elementor-element-0dcd1bb elementor-widget elementor-widget-text-editor\" data-id=\"0dcd1bb\" data-element_type=\"widget\" data-widget_type=\"text-editor.default\">\n\t\t\t\t<div class=\"elementor-widget-container\">\n\t\t\t<style>\/*! elementor - v3.8.1 - 13-11-2022 *\/\n.elementor-widget-text-editor.elementor-drop-cap-view-stacked .elementor-drop-cap{background-color:#818a91;color:#fff}.elementor-widget-text-editor.elementor-drop-cap-view-framed .elementor-drop-cap{color:#818a91;border:3px solid;background-color:transparent}.elementor-widget-text-editor:not(.elementor-drop-cap-view-default) .elementor-drop-cap{margin-top:8px}.elementor-widget-text-editor:not(.elementor-drop-cap-view-default) .elementor-drop-cap-letter{width:1em;height:1em}.elementor-widget-text-editor .elementor-drop-cap{float:left;text-align:center;line-height:1;font-size:50px}.elementor-widget-text-editor .elementor-drop-cap-letter{display:inline-block}<\/style>\t\t\t\tEl contenido del manual permite al profesor\/formador desarrollar los materiales del curso, bas\u00e1ndose en los 10 m\u00f3dulos de Drones4VET, teniendo en cuenta el p\u00fablico objetivo, los objetivos de aprendizaje y la metodolog\u00eda factible, incluida la reducci\u00f3n did\u00e1ctica.\n\n<br><\/br>\nEncuentre la propuesta de organizaci\u00f3n del aula, los requisitos del sistema y muchos consejos did\u00e1cticos en el siguiente enlace: \t\t\t\t\t\t<\/div>\n\t\t\t\t<\/div>\n\t\t\t\t<div class=\"elementor-element elementor-element-407ca569 elementor-icon-list--layout-traditional elementor-list-item-link-full_width elementor-widget elementor-widget-icon-list\" data-id=\"407ca569\" data-element_type=\"widget\" data-widget_type=\"icon-list.default\">\n\t\t\t\t<div class=\"elementor-widget-container\">\n\t\t\t<link rel=\"stylesheet\" href=\"https:\/\/drones4vet.eu\/wp-content\/plugins\/elementor\/assets\/css\/widget-icon-list.min.css\">\t\t<ul class=\"elementor-icon-list-items\">\n\t\t\t\t\t\t\t<li class=\"elementor-icon-list-item\">\n\t\t\t\t\t\t\t\t\t\t\t<a href=\"http:\/\/drones4vet.eu\/wp-content\/uploads\/2025\/01\/250115-Handbook_24.07.12_Spanish_compressed.pdf\">\n\n\t\t\t\t\t\t\t\t\t\t\t\t<span class=\"elementor-icon-list-icon\">\n\t\t\t\t\t\t\t<i aria-hidden=\"true\" class=\"fas fa-file-pdf\"><\/i>\t\t\t\t\t\t<\/span>\n\t\t\t\t\t\t\t\t\t\t<span class=\"elementor-icon-list-text\">Manual para educadores<\/span>\n\t\t\t\t\t\t\t\t\t\t\t<\/a>\n\t\t\t\t\t\t\t\t\t<\/li>\n\t\t\t\t\t\t<\/ul>\n\t\t\t\t<\/div>\n\t\t\t\t<\/div>\n\t\t\t\t\t<\/div>\n\t\t<\/div>\n\t\t\t\t\t\t\t<\/div>\n\t\t<\/section>\n\t\t\t\t\t<\/div>\n\t\t<\/div>\n\t\t\t\t\t\t\t<\/div>\n\t\t<\/section>\n\t\t\t\t<section class=\"elementor-section elementor-top-section elementor-element elementor-element-7181fd8d elementor-section-full_width elementor-section-stretched elementor-section-height-default elementor-section-height-default\" data-id=\"7181fd8d\" data-element_type=\"section\" data-settings=\"{&quot;stretch_section&quot;:&quot;section-stretched&quot;,&quot;background_background&quot;:&quot;classic&quot;}\">\n\t\t\t\t\t\t<div class=\"elementor-container elementor-column-gap-default\">\n\t\t\t\t\t<div class=\"elementor-column elementor-col-100 elementor-top-column elementor-element elementor-element-4680837c\" data-id=\"4680837c\" data-element_type=\"column\">\n\t\t\t<div class=\"elementor-widget-wrap elementor-element-populated\">\n\t\t\t\t\t\t\t\t<div class=\"elementor-element elementor-element-5a0d6f3a elementor-widget__width-initial elementor-widget elementor-widget-image\" data-id=\"5a0d6f3a\" data-element_type=\"widget\" data-widget_type=\"image.default\">\n\t\t\t\t<div class=\"elementor-widget-container\">\n\t\t\t<style>\/*! elementor - v3.8.1 - 13-11-2022 *\/\n.elementor-widget-image{text-align:center}.elementor-widget-image a{display:inline-block}.elementor-widget-image a img[src$=\".svg\"]{width:48px}.elementor-widget-image img{vertical-align:middle;display:inline-block}<\/style>\t\t\t\t\t\t\t\t\t\t\t\t<img loading=\"lazy\" decoding=\"async\" width=\"300\" height=\"144\" src=\"https:\/\/drones4vet.eu\/wp-content\/uploads\/2022\/11\/logo-footer-300x144.webp\" class=\"attachment-medium size-medium\" alt=\"logos del footer\" srcset=\"https:\/\/drones4vet.eu\/wp-content\/uploads\/2022\/11\/logo-footer-300x144.webp 300w, https:\/\/drones4vet.eu\/wp-content\/uploads\/2022\/11\/logo-footer.webp 377w\" sizes=\"auto, (max-width: 300px) 100vw, 300px\" \/>\t\t\t\t\t\t\t\t\t\t\t\t\t\t\t<\/div>\n\t\t\t\t<\/div>\n\t\t\t\t<div class=\"elementor-element elementor-element-49768b87 elementor-widget__width-initial elementor-widget elementor-widget-text-editor\" data-id=\"49768b87\" data-element_type=\"widget\" data-widget_type=\"text-editor.default\">\n\t\t\t\t<div class=\"elementor-widget-container\">\n\t\t\t\t\t\t\t<p>Drones4VET is funded by the Erasmus+ Programme of the European Union. Las opiniones expresadas en los documentos de trabajo, los resultados y los informes son las de los socios del consorcio del proyecto.<\/p>\n<p>Estas opiniones no han sido adoptadas ni aprobadas por la Comisi\u00f3n y no deben considerarse como una declaraci\u00f3n de la opini\u00f3n de la Comisi\u00f3n o de sus servicios. La Comisi\u00f3n Europea no garantiza la exactitud de los datos incluidos en los documentos de trabajo e informes, ni se hace responsable del uso que se haga de ellos.<\/p>\n<div> <\/div>\n\t\t\t\t\t\t<\/div>\n\t\t\t\t<\/div>\n\t\t\t\t<div class=\"elementor-element elementor-element-268b616b elementor-widget-divider--view-line elementor-widget elementor-widget-divider\" data-id=\"268b616b\" data-element_type=\"widget\" data-widget_type=\"divider.default\">\n\t\t\t\t<div class=\"elementor-widget-container\">\n\t\t\t<style>\/*! elementor - v3.8.1 - 13-11-2022 *\/\n.elementor-widget-divider{--divider-border-style:none;--divider-border-width:1px;--divider-color:#2c2c2c;--divider-icon-size:20px;--divider-element-spacing:10px;--divider-pattern-height:24px;--divider-pattern-size:20px;--divider-pattern-url:none;--divider-pattern-repeat:repeat-x}.elementor-widget-divider .elementor-divider{display:-webkit-box;display:-ms-flexbox;display:flex}.elementor-widget-divider .elementor-divider__text{font-size:15px;line-height:1;max-width:95%}.elementor-widget-divider .elementor-divider__element{margin:0 var(--divider-element-spacing);-ms-flex-negative:0;flex-shrink:0}.elementor-widget-divider .elementor-icon{font-size:var(--divider-icon-size)}.elementor-widget-divider .elementor-divider-separator{display:-webkit-box;display:-ms-flexbox;display:flex;margin:0;direction:ltr}.elementor-widget-divider--view-line_icon .elementor-divider-separator,.elementor-widget-divider--view-line_text .elementor-divider-separator{-webkit-box-align:center;-ms-flex-align:center;align-items:center}.elementor-widget-divider--view-line_icon .elementor-divider-separator:after,.elementor-widget-divider--view-line_icon .elementor-divider-separator:before,.elementor-widget-divider--view-line_text .elementor-divider-separator:after,.elementor-widget-divider--view-line_text .elementor-divider-separator:before{display:block;content:\"\";border-bottom:0;-webkit-box-flex:1;-ms-flex-positive:1;flex-grow:1;border-top:var(--divider-border-width) var(--divider-border-style) var(--divider-color)}.elementor-widget-divider--element-align-left .elementor-divider .elementor-divider-separator>.elementor-divider__svg:first-of-type{-webkit-box-flex:0;-ms-flex-positive:0;flex-grow:0;-ms-flex-negative:100;flex-shrink:100}.elementor-widget-divider--element-align-left .elementor-divider-separator:before{content:none}.elementor-widget-divider--element-align-left .elementor-divider__element{margin-left:0}.elementor-widget-divider--element-align-right .elementor-divider .elementor-divider-separator>.elementor-divider__svg:last-of-type{-webkit-box-flex:0;-ms-flex-positive:0;flex-grow:0;-ms-flex-negative:100;flex-shrink:100}.elementor-widget-divider--element-align-right .elementor-divider-separator:after{content:none}.elementor-widget-divider--element-align-right .elementor-divider__element{margin-right:0}.elementor-widget-divider:not(.elementor-widget-divider--view-line_text):not(.elementor-widget-divider--view-line_icon) .elementor-divider-separator{border-top:var(--divider-border-width) var(--divider-border-style) var(--divider-color)}.elementor-widget-divider--separator-type-pattern{--divider-border-style:none}.elementor-widget-divider--separator-type-pattern.elementor-widget-divider--view-line .elementor-divider-separator,.elementor-widget-divider--separator-type-pattern:not(.elementor-widget-divider--view-line) .elementor-divider-separator:after,.elementor-widget-divider--separator-type-pattern:not(.elementor-widget-divider--view-line) .elementor-divider-separator:before,.elementor-widget-divider--separator-type-pattern:not([class*=elementor-widget-divider--view]) .elementor-divider-separator{width:100%;min-height:var(--divider-pattern-height);-webkit-mask-size:var(--divider-pattern-size) 100%;mask-size:var(--divider-pattern-size) 100%;-webkit-mask-repeat:var(--divider-pattern-repeat);mask-repeat:var(--divider-pattern-repeat);background-color:var(--divider-color);-webkit-mask-image:var(--divider-pattern-url);mask-image:var(--divider-pattern-url)}.elementor-widget-divider--no-spacing{--divider-pattern-size:auto}.elementor-widget-divider--bg-round{--divider-pattern-repeat:round}.rtl .elementor-widget-divider .elementor-divider__text{direction:rtl}.e-con-inner>.elementor-widget-divider,.e-con>.elementor-widget-divider{width:var(--container-widget-width,100%)}<\/style>\t\t<div class=\"elementor-divider\">\n\t\t\t<span class=\"elementor-divider-separator\">\n\t\t\t\t\t\t<\/span>\n\t\t<\/div>\n\t\t\t\t<\/div>\n\t\t\t\t<\/div>\n\t\t\t\t\t<\/div>\n\t\t<\/div>\n\t\t\t\t\t\t\t<\/div>\n\t\t<\/section>\n\t\t\t\t\t\t\t<\/div>\n\t\t","protected":false},"excerpt":{"rendered":"<p>Manual El contenido del manual permite al profesor\/formador desarrollar los materiales del curso, bas\u00e1ndose en los 10 m\u00f3dulos de Drones4VET, teniendo en cuenta el p\u00fablico objetivo, los objetivos de aprendizaje y la metodolog\u00eda factible, incluida la reducci\u00f3n did\u00e1ctica. Encuentre la propuesta de organizaci\u00f3n del aula, los requisitos del sistema y muchos consejos did\u00e1cticos en el &#8230; <a title=\"Manual\" class=\"read-more\" href=\"https:\/\/drones4vet.eu\/es\/manual\/\" aria-label=\"M\u00e1s en Manual\">Leer m\u00e1s<\/a><\/p>\n","protected":false},"author":1,"featured_media":0,"parent":0,"menu_order":0,"comment_status":"closed","ping_status":"closed","template":"elementor_header_footer","meta":{"footnotes":""},"class_list":["post-3718","page","type-page","status-publish"],"yoast_head":"<!-- This site is optimized with the Yoast SEO plugin v19.10 - https:\/\/yoast.com\/wordpress\/plugins\/seo\/ -->\n<title>Manual - drones4vet<\/title>\n<meta name=\"robots\" content=\"index, follow, max-snippet:-1, max-image-preview:large, max-video-preview:-1\" \/>\n<link rel=\"canonical\" href=\"https:\/\/drones4vet.eu\/es\/manual\/\" \/>\n<meta property=\"og:locale\" content=\"es_ES\" \/>\n<meta property=\"og:type\" content=\"article\" \/>\n<meta property=\"og:title\" content=\"Manual - drones4vet\" \/>\n<meta property=\"og:description\" content=\"Manual El contenido del manual permite al profesor\/formador desarrollar los materiales del curso, bas\u00e1ndose en los 10 m\u00f3dulos de Drones4VET, teniendo en cuenta el p\u00fablico objetivo, los objetivos de aprendizaje y la metodolog\u00eda factible, incluida la reducci\u00f3n did\u00e1ctica. Encuentre la propuesta de organizaci\u00f3n del aula, los requisitos del sistema y muchos consejos did\u00e1cticos en el ... Leer m\u00e1s\" \/>\n<meta property=\"og:url\" content=\"https:\/\/drones4vet.eu\/es\/manual\/\" \/>\n<meta property=\"og:site_name\" content=\"drones4vet\" \/>\n<meta property=\"article:modified_time\" content=\"2025-01-22T12:12:04+00:00\" \/>\n<meta property=\"og:image\" content=\"http:\/\/drones4vet.eu\/wp-content\/uploads\/2022\/11\/logo-footer-300x144.webp\" \/>\n<meta name=\"twitter:card\" content=\"summary_large_image\" \/>\n<meta name=\"twitter:label1\" content=\"Tiempo de lectura\" \/>\n\t<meta name=\"twitter:data1\" content=\"1 minuto\" \/>\n<script type=\"application\/ld+json\" class=\"yoast-schema-graph\">{\"@context\":\"https:\/\/schema.org\",\"@graph\":[{\"@type\":\"WebPage\",\"@id\":\"https:\/\/drones4vet.eu\/es\/manual\/\",\"url\":\"https:\/\/drones4vet.eu\/es\/manual\/\",\"name\":\"Manual - drones4vet\",\"isPartOf\":{\"@id\":\"https:\/\/drones4vet.eu\/es\/#website\"},\"datePublished\":\"2023-06-26T12:01:50+00:00\",\"dateModified\":\"2025-01-22T12:12:04+00:00\",\"breadcrumb\":{\"@id\":\"https:\/\/drones4vet.eu\/es\/manual\/#breadcrumb\"},\"inLanguage\":\"es\",\"potentialAction\":[{\"@type\":\"ReadAction\",\"target\":[\"https:\/\/drones4vet.eu\/es\/manual\/\"]}]},{\"@type\":\"BreadcrumbList\",\"@id\":\"https:\/\/drones4vet.eu\/es\/manual\/#breadcrumb\",\"itemListElement\":[{\"@type\":\"ListItem\",\"position\":1,\"name\":\"Portada\",\"item\":\"https:\/\/drones4vet.eu\/es\/\"},{\"@type\":\"ListItem\",\"position\":2,\"name\":\"Manual\"}]},{\"@type\":\"WebSite\",\"@id\":\"https:\/\/drones4vet.eu\/es\/#website\",\"url\":\"https:\/\/drones4vet.eu\/es\/\",\"name\":\"drones4vet\",\"description\":\"Just another WordPress site\",\"publisher\":{\"@id\":\"https:\/\/drones4vet.eu\/es\/#organization\"},\"potentialAction\":[{\"@type\":\"SearchAction\",\"target\":{\"@type\":\"EntryPoint\",\"urlTemplate\":\"https:\/\/drones4vet.eu\/es\/?s={search_term_string}\"},\"query-input\":\"required name=search_term_string\"}],\"inLanguage\":\"es\"},{\"@type\":\"Organization\",\"@id\":\"https:\/\/drones4vet.eu\/es\/#organization\",\"name\":\"drones4vet\",\"url\":\"https:\/\/drones4vet.eu\/es\/\",\"logo\":{\"@type\":\"ImageObject\",\"inLanguage\":\"es\",\"@id\":\"https:\/\/drones4vet.eu\/es\/#\/schema\/logo\/image\/\",\"url\":\"https:\/\/drones4vet.eu\/wp-content\/uploads\/2023\/06\/cropped-drones-logo.png\",\"contentUrl\":\"https:\/\/drones4vet.eu\/wp-content\/uploads\/2023\/06\/cropped-drones-logo.png\",\"width\":600,\"height\":250,\"caption\":\"drones4vet\"},\"image\":{\"@id\":\"https:\/\/drones4vet.eu\/es\/#\/schema\/logo\/image\/\"}}]}<\/script>\n<!-- \/ Yoast SEO plugin. -->","yoast_head_json":{"title":"Manual - drones4vet","robots":{"index":"index","follow":"follow","max-snippet":"max-snippet:-1","max-image-preview":"max-image-preview:large","max-video-preview":"max-video-preview:-1"},"canonical":"https:\/\/drones4vet.eu\/es\/manual\/","og_locale":"es_ES","og_type":"article","og_title":"Manual - drones4vet","og_description":"Manual El contenido del manual permite al profesor\/formador desarrollar los materiales del curso, bas\u00e1ndose en los 10 m\u00f3dulos de Drones4VET, teniendo en cuenta el p\u00fablico objetivo, los objetivos de aprendizaje y la metodolog\u00eda factible, incluida la reducci\u00f3n did\u00e1ctica. Encuentre la propuesta de organizaci\u00f3n del aula, los requisitos del sistema y muchos consejos did\u00e1cticos en el ... Leer m\u00e1s","og_url":"https:\/\/drones4vet.eu\/es\/manual\/","og_site_name":"drones4vet","article_modified_time":"2025-01-22T12:12:04+00:00","og_image":[{"url":"http:\/\/drones4vet.eu\/wp-content\/uploads\/2022\/11\/logo-footer-300x144.webp"}],"twitter_card":"summary_large_image","twitter_misc":{"Tiempo de lectura":"1 minuto"},"schema":{"@context":"https:\/\/schema.org","@graph":[{"@type":"WebPage","@id":"https:\/\/drones4vet.eu\/es\/manual\/","url":"https:\/\/drones4vet.eu\/es\/manual\/","name":"Manual - drones4vet","isPartOf":{"@id":"https:\/\/drones4vet.eu\/es\/#website"},"datePublished":"2023-06-26T12:01:50+00:00","dateModified":"2025-01-22T12:12:04+00:00","breadcrumb":{"@id":"https:\/\/drones4vet.eu\/es\/manual\/#breadcrumb"},"inLanguage":"es","potentialAction":[{"@type":"ReadAction","target":["https:\/\/drones4vet.eu\/es\/manual\/"]}]},{"@type":"BreadcrumbList","@id":"https:\/\/drones4vet.eu\/es\/manual\/#breadcrumb","itemListElement":[{"@type":"ListItem","position":1,"name":"Portada","item":"https:\/\/drones4vet.eu\/es\/"},{"@type":"ListItem","position":2,"name":"Manual"}]},{"@type":"WebSite","@id":"https:\/\/drones4vet.eu\/es\/#website","url":"https:\/\/drones4vet.eu\/es\/","name":"drones4vet","description":"Just another WordPress site","publisher":{"@id":"https:\/\/drones4vet.eu\/es\/#organization"},"potentialAction":[{"@type":"SearchAction","target":{"@type":"EntryPoint","urlTemplate":"https:\/\/drones4vet.eu\/es\/?s={search_term_string}"},"query-input":"required name=search_term_string"}],"inLanguage":"es"},{"@type":"Organization","@id":"https:\/\/drones4vet.eu\/es\/#organization","name":"drones4vet","url":"https:\/\/drones4vet.eu\/es\/","logo":{"@type":"ImageObject","inLanguage":"es","@id":"https:\/\/drones4vet.eu\/es\/#\/schema\/logo\/image\/","url":"https:\/\/drones4vet.eu\/wp-content\/uploads\/2023\/06\/cropped-drones-logo.png","contentUrl":"https:\/\/drones4vet.eu\/wp-content\/uploads\/2023\/06\/cropped-drones-logo.png","width":600,"height":250,"caption":"drones4vet"},"image":{"@id":"https:\/\/drones4vet.eu\/es\/#\/schema\/logo\/image\/"}}]}},"_links":{"self":[{"href":"https:\/\/drones4vet.eu\/es\/wp-json\/wp\/v2\/pages\/3718","targetHints":{"allow":["GET"]}}],"collection":[{"href":"https:\/\/drones4vet.eu\/es\/wp-json\/wp\/v2\/pages"}],"about":[{"href":"https:\/\/drones4vet.eu\/es\/wp-json\/wp\/v2\/types\/page"}],"author":[{"embeddable":true,"href":"https:\/\/drones4vet.eu\/es\/wp-json\/wp\/v2\/users\/1"}],"replies":[{"embeddable":true,"href":"https:\/\/drones4vet.eu\/es\/wp-json\/wp\/v2\/comments?post=3718"}],"version-history":[{"count":13,"href":"https:\/\/drones4vet.eu\/es\/wp-json\/wp\/v2\/pages\/3718\/revisions"}],"predecessor-version":[{"id":4447,"href":"https:\/\/drones4vet.eu\/es\/wp-json\/wp\/v2\/pages\/3718\/revisions\/4447"}],"wp:attachment":[{"href":"https:\/\/drones4vet.eu\/es\/wp-json\/wp\/v2\/media?parent=3718"}],"curies":[{"name":"wp","href":"https:\/\/api.w.org\/{rel}","templated":true}]}}