{"id":3748,"date":"2022-10-20T12:37:29","date_gmt":"2022-10-20T12:37:29","guid":{"rendered":"https:\/\/drones4vet.eu\/contacte-con-nosotros\/"},"modified":"2024-12-20T13:39:23","modified_gmt":"2024-12-20T13:39:23","slug":"contacte-con-nosotros","status":"publish","type":"page","link":"https:\/\/drones4vet.eu\/es\/contacte-con-nosotros\/","title":{"rendered":"Contacte con nosotros"},"content":{"rendered":"\t\t<div data-elementor-type=\"wp-page\" data-elementor-id=\"3748\" class=\"elementor elementor-3748 elementor-527\">\n\t\t\t\t\t\t\t\t\t<section class=\"elementor-section elementor-top-section elementor-element elementor-element-50d1f44 elementor-section-full_width elementor-section-stretched elementor-section-height-default elementor-section-height-default\" data-id=\"50d1f44\" data-element_type=\"section\" data-settings=\"{&quot;stretch_section&quot;:&quot;section-stretched&quot;,&quot;background_background&quot;:&quot;classic&quot;}\">\n\t\t\t\t\t\t\t<div class=\"elementor-background-overlay\"><\/div>\n\t\t\t\t\t\t\t<div class=\"elementor-container elementor-column-gap-no\">\n\t\t\t\t\t<div class=\"elementor-column elementor-col-100 elementor-top-column elementor-element elementor-element-53a58c1\" data-id=\"53a58c1\" data-element_type=\"column\">\n\t\t\t<div class=\"elementor-widget-wrap elementor-element-populated\">\n\t\t\t\t\t\t\t\t<div class=\"elementor-element elementor-element-38267be elementor-widget elementor-widget-heading\" data-id=\"38267be\" data-element_type=\"widget\" data-widget_type=\"heading.default\">\n\t\t\t\t<div class=\"elementor-widget-container\">\n\t\t\t<style>\/*! elementor - v3.8.1 - 13-11-2022 *\/\n.elementor-heading-title{padding:0;margin:0;line-height:1}.elementor-widget-heading .elementor-heading-title[class*=elementor-size-]>a{color:inherit;font-size:inherit;line-height:inherit}.elementor-widget-heading .elementor-heading-title.elementor-size-small{font-size:15px}.elementor-widget-heading .elementor-heading-title.elementor-size-medium{font-size:19px}.elementor-widget-heading .elementor-heading-title.elementor-size-large{font-size:29px}.elementor-widget-heading .elementor-heading-title.elementor-size-xl{font-size:39px}.elementor-widget-heading .elementor-heading-title.elementor-size-xxl{font-size:59px}<\/style><h1 class=\"elementor-heading-title elementor-size-default\">Contacta con nosotros<\/h1>\t\t<\/div>\n\t\t\t\t<\/div>\n\t\t\t\t\t<\/div>\n\t\t<\/div>\n\t\t\t\t\t\t\t<\/div>\n\t\t<\/section>\n\t\t\t\t<section class=\"elementor-section elementor-top-section elementor-element elementor-element-70089295 elementor-section-full_width elementor-section-stretched elementor-section-height-default elementor-section-height-default\" data-id=\"70089295\" data-element_type=\"section\" data-settings=\"{&quot;stretch_section&quot;:&quot;section-stretched&quot;,&quot;background_background&quot;:&quot;classic&quot;}\">\n\t\t\t\t\t\t<div class=\"elementor-container elementor-column-gap-no\">\n\t\t\t\t\t<div class=\"elementor-column elementor-col-100 elementor-top-column elementor-element elementor-element-268520b6\" data-id=\"268520b6\" data-element_type=\"column\">\n\t\t\t<div class=\"elementor-widget-wrap elementor-element-populated\">\n\t\t\t\t\t\t\t\t<section class=\"elementor-section elementor-inner-section elementor-element elementor-element-7be73eae elementor-section-boxed elementor-section-height-default elementor-section-height-default\" data-id=\"7be73eae\" data-element_type=\"section\">\n\t\t\t\t\t\t<div class=\"elementor-container elementor-column-gap-default\">\n\t\t\t\t\t<div class=\"elementor-column elementor-col-100 elementor-inner-column elementor-element elementor-element-255bf955\" data-id=\"255bf955\" data-element_type=\"column\">\n\t\t\t<div class=\"elementor-widget-wrap elementor-element-populated\">\n\t\t\t\t\t\t\t\t<div class=\"elementor-element elementor-element-fdf5a48 elementor-widget elementor-widget-shortcode\" data-id=\"fdf5a48\" data-element_type=\"widget\" data-widget_type=\"shortcode.default\">\n\t\t\t\t<div class=\"elementor-widget-container\">\n\t\t\t\t\t<div class=\"elementor-shortcode\"><div role=\"form\" class=\"wpcf7\" id=\"wpcf7-f2570-o1\" lang=\"es-ES\" dir=\"ltr\">\n<div class=\"screen-reader-response\"><p role=\"status\" aria-live=\"polite\" aria-atomic=\"true\"><\/p> <ul><\/ul><\/div>\n<form action=\"\/es\/wp-json\/wp\/v2\/pages\/3748#wpcf7-f2570-o1\" method=\"post\" class=\"wpcf7-form init\" novalidate=\"novalidate\" data-status=\"init\">\n<div style=\"display: none;\">\n<input type=\"hidden\" name=\"_wpcf7\" value=\"2570\" \/>\n<input type=\"hidden\" name=\"_wpcf7_version\" value=\"5.6.4\" \/>\n<input type=\"hidden\" name=\"_wpcf7_locale\" value=\"es_ES\" \/>\n<input type=\"hidden\" name=\"_wpcf7_unit_tag\" value=\"wpcf7-f2570-o1\" \/>\n<input type=\"hidden\" name=\"_wpcf7_container_post\" value=\"0\" \/>\n<input type=\"hidden\" name=\"_wpcf7_posted_data_hash\" value=\"\" \/>\n<input type=\"hidden\" name=\"_wpcf7_recaptcha_response\" value=\"\" \/>\n<\/div>\n<p><label>  Nombre<br \/>\n    <span class=\"wpcf7-form-control-wrap\" data-name=\"your-name\"><input type=\"text\" name=\"your-name\" value=\"\" size=\"40\" class=\"wpcf7-form-control wpcf7-text wpcf7-validates-as-required\" aria-required=\"true\" aria-invalid=\"false\" \/><\/span> <\/label><\/p>\n<p><label>  Email<br \/>\n    <span class=\"wpcf7-form-control-wrap\" data-name=\"your-email\"><input type=\"email\" name=\"your-email\" value=\"\" size=\"40\" class=\"wpcf7-form-control wpcf7-text wpcf7-email wpcf7-validates-as-required wpcf7-validates-as-email\" aria-required=\"true\" aria-invalid=\"false\" \/><\/span> <\/label><\/p>\n<p><label>  Mensaje<br \/>\n    <span class=\"wpcf7-form-control-wrap\" data-name=\"your-message\"><textarea name=\"your-message\" cols=\"40\" rows=\"10\" class=\"wpcf7-form-control wpcf7-textarea\" aria-invalid=\"false\"><\/textarea><\/span> <\/label><\/p>\n<p><span class=\"wpcf7-form-control-wrap\" data-name=\"aceptar\"><span class=\"wpcf7-form-control wpcf7-checkbox wpcf7-validates-as-required\"><span class=\"wpcf7-list-item first last\"><label><input type=\"checkbox\" name=\"aceptar[]\" value=\"Estoy de acuerdo con la pol\u00edtica de privacidad\" \/><span class=\"wpcf7-list-item-label\">Estoy de acuerdo con la pol\u00edtica de privacidad<\/span><\/label><\/span><\/span><\/span><\/p>\n<div style=\"margin-top: 20px\">\n<input type=\"submit\" value=\"ENVIAR\" class=\"wpcf7-form-control has-spinner wpcf7-submit\" \/>\n<\/div>\n<div class=\"wpcf7-response-output\" aria-hidden=\"true\"><\/div><\/form><\/div><\/div>\n\t\t\t\t<\/div>\n\t\t\t\t<\/div>\n\t\t\t\t\t<\/div>\n\t\t<\/div>\n\t\t\t\t\t\t\t<\/div>\n\t\t<\/section>\n\t\t\t\t\t<\/div>\n\t\t<\/div>\n\t\t\t\t\t\t\t<\/div>\n\t\t<\/section>\n\t\t\t\t<section class=\"elementor-section elementor-top-section elementor-element elementor-element-28054e3 elementor-section-full_width elementor-section-stretched elementor-section-height-default elementor-section-height-default\" data-id=\"28054e3\" data-element_type=\"section\" data-settings=\"{&quot;stretch_section&quot;:&quot;section-stretched&quot;,&quot;background_background&quot;:&quot;classic&quot;}\">\n\t\t\t\t\t\t<div class=\"elementor-container elementor-column-gap-default\">\n\t\t\t\t\t<div class=\"elementor-column elementor-col-100 elementor-top-column elementor-element elementor-element-42b85a4b\" data-id=\"42b85a4b\" data-element_type=\"column\">\n\t\t\t<div class=\"elementor-widget-wrap elementor-element-populated\">\n\t\t\t\t\t\t\t\t<div class=\"elementor-element elementor-element-6f7f5f5a elementor-widget__width-initial elementor-widget elementor-widget-image\" data-id=\"6f7f5f5a\" data-element_type=\"widget\" data-widget_type=\"image.default\">\n\t\t\t\t<div class=\"elementor-widget-container\">\n\t\t\t<style>\/*! elementor - v3.8.1 - 13-11-2022 *\/\n.elementor-widget-image{text-align:center}.elementor-widget-image a{display:inline-block}.elementor-widget-image a img[src$=\".svg\"]{width:48px}.elementor-widget-image img{vertical-align:middle;display:inline-block}<\/style>\t\t\t\t\t\t\t\t\t\t\t\t<img loading=\"lazy\" decoding=\"async\" width=\"450\" height=\"144\" src=\"https:\/\/drones4vet.eu\/wp-content\/uploads\/2023\/07\/drones-outlined-cofunded.png\" class=\"attachment-medium_large size-medium_large\" alt=\"\" srcset=\"https:\/\/drones4vet.eu\/wp-content\/uploads\/2023\/07\/drones-outlined-cofunded.png 450w, https:\/\/drones4vet.eu\/wp-content\/uploads\/2023\/07\/drones-outlined-cofunded-300x96.png 300w\" sizes=\"auto, (max-width: 450px) 100vw, 450px\" \/>\t\t\t\t\t\t\t\t\t\t\t\t\t\t\t<\/div>\n\t\t\t\t<\/div>\n\t\t\t\t<div class=\"elementor-element elementor-element-116a8189 elementor-widget__width-initial elementor-widget elementor-widget-text-editor\" data-id=\"116a8189\" data-element_type=\"widget\" data-widget_type=\"text-editor.default\">\n\t\t\t\t<div class=\"elementor-widget-container\">\n\t\t\t<style>\/*! elementor - v3.8.1 - 13-11-2022 *\/\n.elementor-widget-text-editor.elementor-drop-cap-view-stacked .elementor-drop-cap{background-color:#818a91;color:#fff}.elementor-widget-text-editor.elementor-drop-cap-view-framed .elementor-drop-cap{color:#818a91;border:3px solid;background-color:transparent}.elementor-widget-text-editor:not(.elementor-drop-cap-view-default) .elementor-drop-cap{margin-top:8px}.elementor-widget-text-editor:not(.elementor-drop-cap-view-default) .elementor-drop-cap-letter{width:1em;height:1em}.elementor-widget-text-editor .elementor-drop-cap{float:left;text-align:center;line-height:1;font-size:50px}.elementor-widget-text-editor .elementor-drop-cap-letter{display:inline-block}<\/style>\t\t\t\t<p>Drones4VET is funded by the Erasmus+ Programme of the European Union. Las opiniones expresadas en los documentos de trabajo, los resultados y los informes son las de los socios del consorcio del proyecto.<\/p>\n<p>Estas opiniones no han sido adoptadas ni aprobadas por la Comisi\u00f3n y no deben considerarse como una declaraci\u00f3n de la opini\u00f3n de la Comisi\u00f3n o de sus servicios. La Comisi\u00f3n Europea no garantiza la exactitud de los datos incluidos en los documentos de trabajo e informes, ni se hace responsable del uso que se haga de ellos.<\/p>\n<div> <\/div>\n\t\t\t\t\t\t<\/div>\n\t\t\t\t<\/div>\n\t\t\t\t<div class=\"elementor-element elementor-element-269eee7d elementor-widget-divider--view-line elementor-widget elementor-widget-divider\" data-id=\"269eee7d\" data-element_type=\"widget\" data-widget_type=\"divider.default\">\n\t\t\t\t<div class=\"elementor-widget-container\">\n\t\t\t<style>\/*! elementor - v3.8.1 - 13-11-2022 *\/\n.elementor-widget-divider{--divider-border-style:none;--divider-border-width:1px;--divider-color:#2c2c2c;--divider-icon-size:20px;--divider-element-spacing:10px;--divider-pattern-height:24px;--divider-pattern-size:20px;--divider-pattern-url:none;--divider-pattern-repeat:repeat-x}.elementor-widget-divider .elementor-divider{display:-webkit-box;display:-ms-flexbox;display:flex}.elementor-widget-divider .elementor-divider__text{font-size:15px;line-height:1;max-width:95%}.elementor-widget-divider .elementor-divider__element{margin:0 var(--divider-element-spacing);-ms-flex-negative:0;flex-shrink:0}.elementor-widget-divider .elementor-icon{font-size:var(--divider-icon-size)}.elementor-widget-divider .elementor-divider-separator{display:-webkit-box;display:-ms-flexbox;display:flex;margin:0;direction:ltr}.elementor-widget-divider--view-line_icon .elementor-divider-separator,.elementor-widget-divider--view-line_text .elementor-divider-separator{-webkit-box-align:center;-ms-flex-align:center;align-items:center}.elementor-widget-divider--view-line_icon .elementor-divider-separator:after,.elementor-widget-divider--view-line_icon .elementor-divider-separator:before,.elementor-widget-divider--view-line_text .elementor-divider-separator:after,.elementor-widget-divider--view-line_text .elementor-divider-separator:before{display:block;content:\"\";border-bottom:0;-webkit-box-flex:1;-ms-flex-positive:1;flex-grow:1;border-top:var(--divider-border-width) var(--divider-border-style) var(--divider-color)}.elementor-widget-divider--element-align-left .elementor-divider .elementor-divider-separator>.elementor-divider__svg:first-of-type{-webkit-box-flex:0;-ms-flex-positive:0;flex-grow:0;-ms-flex-negative:100;flex-shrink:100}.elementor-widget-divider--element-align-left .elementor-divider-separator:before{content:none}.elementor-widget-divider--element-align-left .elementor-divider__element{margin-left:0}.elementor-widget-divider--element-align-right .elementor-divider .elementor-divider-separator>.elementor-divider__svg:last-of-type{-webkit-box-flex:0;-ms-flex-positive:0;flex-grow:0;-ms-flex-negative:100;flex-shrink:100}.elementor-widget-divider--element-align-right .elementor-divider-separator:after{content:none}.elementor-widget-divider--element-align-right .elementor-divider__element{margin-right:0}.elementor-widget-divider:not(.elementor-widget-divider--view-line_text):not(.elementor-widget-divider--view-line_icon) .elementor-divider-separator{border-top:var(--divider-border-width) var(--divider-border-style) var(--divider-color)}.elementor-widget-divider--separator-type-pattern{--divider-border-style:none}.elementor-widget-divider--separator-type-pattern.elementor-widget-divider--view-line .elementor-divider-separator,.elementor-widget-divider--separator-type-pattern:not(.elementor-widget-divider--view-line) .elementor-divider-separator:after,.elementor-widget-divider--separator-type-pattern:not(.elementor-widget-divider--view-line) .elementor-divider-separator:before,.elementor-widget-divider--separator-type-pattern:not([class*=elementor-widget-divider--view]) .elementor-divider-separator{width:100%;min-height:var(--divider-pattern-height);-webkit-mask-size:var(--divider-pattern-size) 100%;mask-size:var(--divider-pattern-size) 100%;-webkit-mask-repeat:var(--divider-pattern-repeat);mask-repeat:var(--divider-pattern-repeat);background-color:var(--divider-color);-webkit-mask-image:var(--divider-pattern-url);mask-image:var(--divider-pattern-url)}.elementor-widget-divider--no-spacing{--divider-pattern-size:auto}.elementor-widget-divider--bg-round{--divider-pattern-repeat:round}.rtl .elementor-widget-divider .elementor-divider__text{direction:rtl}.e-con-inner>.elementor-widget-divider,.e-con>.elementor-widget-divider{width:var(--container-widget-width,100%)}<\/style>\t\t<div class=\"elementor-divider\">\n\t\t\t<span class=\"elementor-divider-separator\">\n\t\t\t\t\t\t<\/span>\n\t\t<\/div>\n\t\t\t\t<\/div>\n\t\t\t\t<\/div>\n\t\t\t\t\t<\/div>\n\t\t<\/div>\n\t\t\t\t\t\t\t<\/div>\n\t\t<\/section>\n\t\t\t\t\t\t\t<\/div>\n\t\t","protected":false},"excerpt":{"rendered":"<p>Contacta con nosotros Drones4VET is funded by the Erasmus+ Programme of the European Union. Las opiniones expresadas en los documentos de trabajo, los resultados y los informes son las de los socios del consorcio del proyecto. Estas opiniones no han sido adoptadas ni aprobadas por la Comisi\u00f3n y no deben considerarse como una declaraci\u00f3n de &#8230; <a title=\"Contacte con nosotros\" class=\"read-more\" href=\"https:\/\/drones4vet.eu\/es\/contacte-con-nosotros\/\" aria-label=\"M\u00e1s en Contacte con nosotros\">Leer m\u00e1s<\/a><\/p>\n","protected":false},"author":1,"featured_media":0,"parent":0,"menu_order":0,"comment_status":"closed","ping_status":"closed","template":"elementor_header_footer","meta":{"footnotes":""},"class_list":["post-3748","page","type-page","status-publish"],"yoast_head":"<!-- This site is optimized with the Yoast SEO plugin v19.10 - https:\/\/yoast.com\/wordpress\/plugins\/seo\/ -->\n<title>Contacte con nosotros - drones4vet<\/title>\n<meta name=\"robots\" content=\"index, follow, max-snippet:-1, max-image-preview:large, max-video-preview:-1\" \/>\n<link rel=\"canonical\" href=\"https:\/\/drones4vet.eu\/es\/contacte-con-nosotros\/\" \/>\n<meta property=\"og:locale\" content=\"es_ES\" \/>\n<meta property=\"og:type\" content=\"article\" \/>\n<meta property=\"og:title\" content=\"Contacte con nosotros - drones4vet\" \/>\n<meta property=\"og:description\" content=\"Contacta con nosotros Drones4VET is funded by the Erasmus+ Programme of the European Union. Las opiniones expresadas en los documentos de trabajo, los resultados y los informes son las de los socios del consorcio del proyecto. Estas opiniones no han sido adoptadas ni aprobadas por la Comisi\u00f3n y no deben considerarse como una declaraci\u00f3n de ... Leer m\u00e1s\" \/>\n<meta property=\"og:url\" content=\"https:\/\/drones4vet.eu\/es\/contacte-con-nosotros\/\" \/>\n<meta property=\"og:site_name\" content=\"drones4vet\" \/>\n<meta property=\"article:modified_time\" content=\"2024-12-20T13:39:23+00:00\" \/>\n<meta property=\"og:image\" content=\"http:\/\/drones4vet.eu\/wp-content\/uploads\/2023\/07\/drones-outlined-cofunded.png\" \/>\n<meta name=\"twitter:card\" content=\"summary_large_image\" \/>\n<meta name=\"twitter:label1\" content=\"Tiempo de lectura\" \/>\n\t<meta name=\"twitter:data1\" content=\"1 minuto\" \/>\n<script type=\"application\/ld+json\" class=\"yoast-schema-graph\">{\"@context\":\"https:\/\/schema.org\",\"@graph\":[{\"@type\":\"WebPage\",\"@id\":\"https:\/\/drones4vet.eu\/es\/contacte-con-nosotros\/\",\"url\":\"https:\/\/drones4vet.eu\/es\/contacte-con-nosotros\/\",\"name\":\"Contacte con nosotros - drones4vet\",\"isPartOf\":{\"@id\":\"https:\/\/drones4vet.eu\/es\/#website\"},\"datePublished\":\"2022-10-20T12:37:29+00:00\",\"dateModified\":\"2024-12-20T13:39:23+00:00\",\"breadcrumb\":{\"@id\":\"https:\/\/drones4vet.eu\/es\/contacte-con-nosotros\/#breadcrumb\"},\"inLanguage\":\"es\",\"potentialAction\":[{\"@type\":\"ReadAction\",\"target\":[\"https:\/\/drones4vet.eu\/es\/contacte-con-nosotros\/\"]}]},{\"@type\":\"BreadcrumbList\",\"@id\":\"https:\/\/drones4vet.eu\/es\/contacte-con-nosotros\/#breadcrumb\",\"itemListElement\":[{\"@type\":\"ListItem\",\"position\":1,\"name\":\"Portada\",\"item\":\"https:\/\/drones4vet.eu\/es\/\"},{\"@type\":\"ListItem\",\"position\":2,\"name\":\"Contacte con nosotros\"}]},{\"@type\":\"WebSite\",\"@id\":\"https:\/\/drones4vet.eu\/es\/#website\",\"url\":\"https:\/\/drones4vet.eu\/es\/\",\"name\":\"drones4vet\",\"description\":\"Just another WordPress site\",\"publisher\":{\"@id\":\"https:\/\/drones4vet.eu\/es\/#organization\"},\"potentialAction\":[{\"@type\":\"SearchAction\",\"target\":{\"@type\":\"EntryPoint\",\"urlTemplate\":\"https:\/\/drones4vet.eu\/es\/?s={search_term_string}\"},\"query-input\":\"required name=search_term_string\"}],\"inLanguage\":\"es\"},{\"@type\":\"Organization\",\"@id\":\"https:\/\/drones4vet.eu\/es\/#organization\",\"name\":\"drones4vet\",\"url\":\"https:\/\/drones4vet.eu\/es\/\",\"logo\":{\"@type\":\"ImageObject\",\"inLanguage\":\"es\",\"@id\":\"https:\/\/drones4vet.eu\/es\/#\/schema\/logo\/image\/\",\"url\":\"https:\/\/drones4vet.eu\/wp-content\/uploads\/2023\/06\/cropped-drones-logo.png\",\"contentUrl\":\"https:\/\/drones4vet.eu\/wp-content\/uploads\/2023\/06\/cropped-drones-logo.png\",\"width\":600,\"height\":250,\"caption\":\"drones4vet\"},\"image\":{\"@id\":\"https:\/\/drones4vet.eu\/es\/#\/schema\/logo\/image\/\"}}]}<\/script>\n<!-- \/ Yoast SEO plugin. -->","yoast_head_json":{"title":"Contacte con nosotros - drones4vet","robots":{"index":"index","follow":"follow","max-snippet":"max-snippet:-1","max-image-preview":"max-image-preview:large","max-video-preview":"max-video-preview:-1"},"canonical":"https:\/\/drones4vet.eu\/es\/contacte-con-nosotros\/","og_locale":"es_ES","og_type":"article","og_title":"Contacte con nosotros - drones4vet","og_description":"Contacta con nosotros Drones4VET is funded by the Erasmus+ Programme of the European Union. Las opiniones expresadas en los documentos de trabajo, los resultados y los informes son las de los socios del consorcio del proyecto. Estas opiniones no han sido adoptadas ni aprobadas por la Comisi\u00f3n y no deben considerarse como una declaraci\u00f3n de ... Leer m\u00e1s","og_url":"https:\/\/drones4vet.eu\/es\/contacte-con-nosotros\/","og_site_name":"drones4vet","article_modified_time":"2024-12-20T13:39:23+00:00","og_image":[{"url":"http:\/\/drones4vet.eu\/wp-content\/uploads\/2023\/07\/drones-outlined-cofunded.png"}],"twitter_card":"summary_large_image","twitter_misc":{"Tiempo de lectura":"1 minuto"},"schema":{"@context":"https:\/\/schema.org","@graph":[{"@type":"WebPage","@id":"https:\/\/drones4vet.eu\/es\/contacte-con-nosotros\/","url":"https:\/\/drones4vet.eu\/es\/contacte-con-nosotros\/","name":"Contacte con nosotros - drones4vet","isPartOf":{"@id":"https:\/\/drones4vet.eu\/es\/#website"},"datePublished":"2022-10-20T12:37:29+00:00","dateModified":"2024-12-20T13:39:23+00:00","breadcrumb":{"@id":"https:\/\/drones4vet.eu\/es\/contacte-con-nosotros\/#breadcrumb"},"inLanguage":"es","potentialAction":[{"@type":"ReadAction","target":["https:\/\/drones4vet.eu\/es\/contacte-con-nosotros\/"]}]},{"@type":"BreadcrumbList","@id":"https:\/\/drones4vet.eu\/es\/contacte-con-nosotros\/#breadcrumb","itemListElement":[{"@type":"ListItem","position":1,"name":"Portada","item":"https:\/\/drones4vet.eu\/es\/"},{"@type":"ListItem","position":2,"name":"Contacte con nosotros"}]},{"@type":"WebSite","@id":"https:\/\/drones4vet.eu\/es\/#website","url":"https:\/\/drones4vet.eu\/es\/","name":"drones4vet","description":"Just another WordPress site","publisher":{"@id":"https:\/\/drones4vet.eu\/es\/#organization"},"potentialAction":[{"@type":"SearchAction","target":{"@type":"EntryPoint","urlTemplate":"https:\/\/drones4vet.eu\/es\/?s={search_term_string}"},"query-input":"required name=search_term_string"}],"inLanguage":"es"},{"@type":"Organization","@id":"https:\/\/drones4vet.eu\/es\/#organization","name":"drones4vet","url":"https:\/\/drones4vet.eu\/es\/","logo":{"@type":"ImageObject","inLanguage":"es","@id":"https:\/\/drones4vet.eu\/es\/#\/schema\/logo\/image\/","url":"https:\/\/drones4vet.eu\/wp-content\/uploads\/2023\/06\/cropped-drones-logo.png","contentUrl":"https:\/\/drones4vet.eu\/wp-content\/uploads\/2023\/06\/cropped-drones-logo.png","width":600,"height":250,"caption":"drones4vet"},"image":{"@id":"https:\/\/drones4vet.eu\/es\/#\/schema\/logo\/image\/"}}]}},"_links":{"self":[{"href":"https:\/\/drones4vet.eu\/es\/wp-json\/wp\/v2\/pages\/3748","targetHints":{"allow":["GET"]}}],"collection":[{"href":"https:\/\/drones4vet.eu\/es\/wp-json\/wp\/v2\/pages"}],"about":[{"href":"https:\/\/drones4vet.eu\/es\/wp-json\/wp\/v2\/types\/page"}],"author":[{"embeddable":true,"href":"https:\/\/drones4vet.eu\/es\/wp-json\/wp\/v2\/users\/1"}],"replies":[{"embeddable":true,"href":"https:\/\/drones4vet.eu\/es\/wp-json\/wp\/v2\/comments?post=3748"}],"version-history":[{"count":7,"href":"https:\/\/drones4vet.eu\/es\/wp-json\/wp\/v2\/pages\/3748\/revisions"}],"predecessor-version":[{"id":4321,"href":"https:\/\/drones4vet.eu\/es\/wp-json\/wp\/v2\/pages\/3748\/revisions\/4321"}],"wp:attachment":[{"href":"https:\/\/drones4vet.eu\/es\/wp-json\/wp\/v2\/media?parent=3748"}],"curies":[{"name":"wp","href":"https:\/\/api.w.org\/{rel}","templated":true}]}}