{"id":4113,"date":"2024-12-13T07:20:13","date_gmt":"2024-12-13T07:20:13","guid":{"rendered":"https:\/\/drones4vet.eu\/?page_id=4113"},"modified":"2024-12-13T07:21:56","modified_gmt":"2024-12-13T07:21:56","slug":"rapport-transnational-2","status":"publish","type":"page","link":"https:\/\/drones4vet.eu\/fr\/rapport-transnational-2\/","title":{"rendered":"Cours pilote"},"content":{"rendered":"\t\t<div data-elementor-type=\"wp-page\" data-elementor-id=\"4113\" class=\"elementor elementor-4113\">\n\t\t\t\t\t\t\t\t\t<section class=\"elementor-section elementor-top-section elementor-element elementor-element-50d1f44 elementor-section-full_width elementor-section-stretched elementor-section-height-default elementor-section-height-default\" data-id=\"50d1f44\" data-element_type=\"section\" data-settings=\"{&quot;stretch_section&quot;:&quot;section-stretched&quot;,&quot;background_background&quot;:&quot;classic&quot;}\">\n\t\t\t\t\t\t\t<div class=\"elementor-background-overlay\"><\/div>\n\t\t\t\t\t\t\t<div class=\"elementor-container elementor-column-gap-no\">\n\t\t\t\t\t<div class=\"elementor-column elementor-col-100 elementor-top-column elementor-element elementor-element-53a58c1\" data-id=\"53a58c1\" data-element_type=\"column\">\n\t\t\t<div class=\"elementor-widget-wrap elementor-element-populated\">\n\t\t\t\t\t\t\t\t<div class=\"elementor-element elementor-element-38267be elementor-widget elementor-widget-heading\" data-id=\"38267be\" data-element_type=\"widget\" data-widget_type=\"heading.default\">\n\t\t\t\t<div class=\"elementor-widget-container\">\n\t\t\t<style>\/*! elementor - v3.8.1 - 13-11-2022 *\/\n.elementor-heading-title{padding:0;margin:0;line-height:1}.elementor-widget-heading .elementor-heading-title[class*=elementor-size-]>a{color:inherit;font-size:inherit;line-height:inherit}.elementor-widget-heading .elementor-heading-title.elementor-size-small{font-size:15px}.elementor-widget-heading .elementor-heading-title.elementor-size-medium{font-size:19px}.elementor-widget-heading .elementor-heading-title.elementor-size-large{font-size:29px}.elementor-widget-heading .elementor-heading-title.elementor-size-xl{font-size:39px}.elementor-widget-heading .elementor-heading-title.elementor-size-xxl{font-size:59px}<\/style><h1 class=\"elementor-heading-title elementor-size-default\">Rapport transnational<\/h1>\t\t<\/div>\n\t\t\t\t<\/div>\n\t\t\t\t\t<\/div>\n\t\t<\/div>\n\t\t\t\t\t\t\t<\/div>\n\t\t<\/section>\n\t\t\t\t<section class=\"elementor-section elementor-top-section elementor-element elementor-element-d77cd23 elementor-section-boxed elementor-section-height-default elementor-section-height-default\" data-id=\"d77cd23\" data-element_type=\"section\">\n\t\t\t\t\t\t<div class=\"elementor-container elementor-column-gap-default\">\n\t\t\t\t\t<div class=\"elementor-column elementor-col-16 elementor-top-column elementor-element elementor-element-2d5ecd6\" data-id=\"2d5ecd6\" data-element_type=\"column\">\n\t\t\t<div class=\"elementor-widget-wrap\">\n\t\t\t\t\t\t\t\t\t<\/div>\n\t\t<\/div>\n\t\t\t\t<div class=\"elementor-column elementor-col-66 elementor-top-column elementor-element elementor-element-8c15ef8\" data-id=\"8c15ef8\" data-element_type=\"column\">\n\t\t\t<div class=\"elementor-widget-wrap elementor-element-populated\">\n\t\t\t\t\t\t\t\t<div class=\"elementor-element elementor-element-ed2702c elementor-aspect-ratio-169 elementor-widget elementor-widget-video\" data-id=\"ed2702c\" data-element_type=\"widget\" data-settings=\"{&quot;video_type&quot;:&quot;hosted&quot;,&quot;controls&quot;:&quot;yes&quot;,&quot;aspect_ratio&quot;:&quot;169&quot;}\" data-widget_type=\"video.default\">\n\t\t\t\t<div class=\"elementor-widget-container\">\n\t\t\t<style>\/*! elementor - v3.8.1 - 13-11-2022 *\/\n.elementor-widget-video .elementor-widget-container{overflow:hidden;-webkit-transform:translateZ(0);transform:translateZ(0)}.elementor-widget-video .elementor-open-inline .elementor-custom-embed-image-overlay{position:absolute;top:0;left:0;width:100%;height:100%;background-size:cover;background-position:50%}.elementor-widget-video .elementor-custom-embed-image-overlay{cursor:pointer;text-align:center}.elementor-widget-video .elementor-custom-embed-image-overlay:hover .elementor-custom-embed-play i{opacity:1}.elementor-widget-video .elementor-custom-embed-image-overlay img{display:block;width:100%}.elementor-widget-video .e-hosted-video .elementor-video{-o-object-fit:cover;object-fit:cover}.e-con-inner>.elementor-widget-video,.e-con>.elementor-widget-video{width:var(--container-widget-width,100%)}<\/style>\t\t<div class=\"e-hosted-video elementor-wrapper elementor-fit-aspect-ratio elementor-open-inline\">\n\t\t\t\t\t<video class=\"elementor-video\" src=\"https:\/\/drones4vet.eu\/videos\/crn-drones.mp4\" controls=\"\" controlsList=\"nodownload\"><\/video>\n\t\t\t\t<\/div>\n\t\t\t\t<\/div>\n\t\t\t\t<\/div>\n\t\t\t\t<div class=\"elementor-element elementor-element-84d4aa9 elementor-widget elementor-widget-text-editor\" data-id=\"84d4aa9\" data-element_type=\"widget\" data-widget_type=\"text-editor.default\">\n\t\t\t\t<div class=\"elementor-widget-container\">\n\t\t\t<style>\/*! elementor - v3.8.1 - 13-11-2022 *\/\n.elementor-widget-text-editor.elementor-drop-cap-view-stacked .elementor-drop-cap{background-color:#818a91;color:#fff}.elementor-widget-text-editor.elementor-drop-cap-view-framed .elementor-drop-cap{color:#818a91;border:3px solid;background-color:transparent}.elementor-widget-text-editor:not(.elementor-drop-cap-view-default) .elementor-drop-cap{margin-top:8px}.elementor-widget-text-editor:not(.elementor-drop-cap-view-default) .elementor-drop-cap-letter{width:1em;height:1em}.elementor-widget-text-editor .elementor-drop-cap{float:left;text-align:center;line-height:1;font-size:50px}.elementor-widget-text-editor .elementor-drop-cap-letter{display:inline-block}<\/style>\t\t\t\t<p>Consultez tous les d\u00e9tails du cours pilote organis\u00e9 au CRN Paracuellos en cliquant sur le lien suivant :\u00a0<a title=\"https:\/\/edificayobracivil.centrosdeformacion.empleo.madrid.org\/curso-drones4vet\" href=\"https:\/\/edificayobracivil.centrosdeformacion.empleo.madrid.org\/curso-drones4vet\" data-auth=\"NotApplicable\" data-linkindex=\"3\">https:\/\/edificayobracivil.centrosdeformacion.empleo.madrid.org\/curso-drones4vet<\/a><\/p>\t\t\t\t\t\t<\/div>\n\t\t\t\t<\/div>\n\t\t\t\t\t<\/div>\n\t\t<\/div>\n\t\t\t\t<div class=\"elementor-column elementor-col-16 elementor-top-column elementor-element elementor-element-2a1c713\" data-id=\"2a1c713\" data-element_type=\"column\">\n\t\t\t<div class=\"elementor-widget-wrap\">\n\t\t\t\t\t\t\t\t\t<\/div>\n\t\t<\/div>\n\t\t\t\t\t\t\t<\/div>\n\t\t<\/section>\n\t\t\t\t<section class=\"elementor-section elementor-top-section elementor-element elementor-element-7bb6796 elementor-section-full_width elementor-section-stretched elementor-section-height-default elementor-section-height-default\" data-id=\"7bb6796\" data-element_type=\"section\" data-settings=\"{&quot;stretch_section&quot;:&quot;section-stretched&quot;,&quot;background_background&quot;:&quot;classic&quot;}\">\n\t\t\t\t\t\t<div class=\"elementor-container elementor-column-gap-no\">\n\t\t\t\t\t<div class=\"elementor-column elementor-col-100 elementor-top-column elementor-element elementor-element-49be954\" data-id=\"49be954\" data-element_type=\"column\">\n\t\t\t<div class=\"elementor-widget-wrap\">\n\t\t\t\t\t\t\t\t\t<\/div>\n\t\t<\/div>\n\t\t\t\t\t\t\t<\/div>\n\t\t<\/section>\n\t\t\t\t<section class=\"elementor-section elementor-top-section elementor-element elementor-element-7181fd8d elementor-section-full_width elementor-section-stretched elementor-section-height-default elementor-section-height-default\" data-id=\"7181fd8d\" data-element_type=\"section\" data-settings=\"{&quot;stretch_section&quot;:&quot;section-stretched&quot;,&quot;background_background&quot;:&quot;classic&quot;}\">\n\t\t\t\t\t\t<div class=\"elementor-container elementor-column-gap-default\">\n\t\t\t\t\t<div class=\"elementor-column elementor-col-100 elementor-top-column elementor-element elementor-element-4680837c\" data-id=\"4680837c\" data-element_type=\"column\">\n\t\t\t<div class=\"elementor-widget-wrap elementor-element-populated\">\n\t\t\t\t\t\t\t\t<div class=\"elementor-element elementor-element-5a0d6f3a elementor-widget__width-initial elementor-widget elementor-widget-image\" data-id=\"5a0d6f3a\" data-element_type=\"widget\" data-widget_type=\"image.default\">\n\t\t\t\t<div class=\"elementor-widget-container\">\n\t\t\t<style>\/*! elementor - v3.8.1 - 13-11-2022 *\/\n.elementor-widget-image{text-align:center}.elementor-widget-image a{display:inline-block}.elementor-widget-image a img[src$=\".svg\"]{width:48px}.elementor-widget-image img{vertical-align:middle;display:inline-block}<\/style>\t\t\t\t\t\t\t\t\t\t\t\t<img loading=\"lazy\" decoding=\"async\" width=\"300\" height=\"144\" src=\"https:\/\/drones4vet.eu\/wp-content\/uploads\/2022\/11\/logo-footer-300x144.webp\" class=\"attachment-medium size-medium\" alt=\"logos del footer\" srcset=\"https:\/\/drones4vet.eu\/wp-content\/uploads\/2022\/11\/logo-footer-300x144.webp 300w, https:\/\/drones4vet.eu\/wp-content\/uploads\/2022\/11\/logo-footer.webp 377w\" sizes=\"auto, (max-width: 300px) 100vw, 300px\" \/>\t\t\t\t\t\t\t\t\t\t\t\t\t\t\t<\/div>\n\t\t\t\t<\/div>\n\t\t\t\t<div class=\"elementor-element elementor-element-49768b87 elementor-widget__width-initial elementor-widget elementor-widget-text-editor\" data-id=\"49768b87\" data-element_type=\"widget\" data-widget_type=\"text-editor.default\">\n\t\t\t\t<div class=\"elementor-widget-container\">\n\t\t\t\t\t\t\t<p>Drones4VET est financ\u00e9 par le programme Erasmus+ de l&rsquo;Union europ\u00e9enne. Les opinions exprim\u00e9es dans les documents de travail, les livrables et les rapports sont celles des partenaires du consortium du projet.<\/p>\n<p>Ces points de vue n&rsquo;ont pas \u00e9t\u00e9 adopt\u00e9s ou approuv\u00e9s par la Commission et ne doivent pas \u00eatre consid\u00e9r\u00e9s comme une d\u00e9claration des points de vue de la Commission ou de ses services. La Commission europ\u00e9enne ne garantit pas l&rsquo;exactitude des donn\u00e9es contenues dans les documents de travail et les rapports et n&rsquo;accepte aucune responsabilit\u00e9 quant \u00e0 l&rsquo;utilisation qui en est faite.<\/p>\n<div> <\/div>\n\t\t\t\t\t\t<\/div>\n\t\t\t\t<\/div>\n\t\t\t\t<div class=\"elementor-element elementor-element-268b616b elementor-widget-divider--view-line elementor-widget elementor-widget-divider\" data-id=\"268b616b\" data-element_type=\"widget\" data-widget_type=\"divider.default\">\n\t\t\t\t<div class=\"elementor-widget-container\">\n\t\t\t<style>\/*! elementor - v3.8.1 - 13-11-2022 *\/\n.elementor-widget-divider{--divider-border-style:none;--divider-border-width:1px;--divider-color:#2c2c2c;--divider-icon-size:20px;--divider-element-spacing:10px;--divider-pattern-height:24px;--divider-pattern-size:20px;--divider-pattern-url:none;--divider-pattern-repeat:repeat-x}.elementor-widget-divider .elementor-divider{display:-webkit-box;display:-ms-flexbox;display:flex}.elementor-widget-divider .elementor-divider__text{font-size:15px;line-height:1;max-width:95%}.elementor-widget-divider .elementor-divider__element{margin:0 var(--divider-element-spacing);-ms-flex-negative:0;flex-shrink:0}.elementor-widget-divider .elementor-icon{font-size:var(--divider-icon-size)}.elementor-widget-divider .elementor-divider-separator{display:-webkit-box;display:-ms-flexbox;display:flex;margin:0;direction:ltr}.elementor-widget-divider--view-line_icon .elementor-divider-separator,.elementor-widget-divider--view-line_text .elementor-divider-separator{-webkit-box-align:center;-ms-flex-align:center;align-items:center}.elementor-widget-divider--view-line_icon .elementor-divider-separator:after,.elementor-widget-divider--view-line_icon .elementor-divider-separator:before,.elementor-widget-divider--view-line_text .elementor-divider-separator:after,.elementor-widget-divider--view-line_text .elementor-divider-separator:before{display:block;content:\"\";border-bottom:0;-webkit-box-flex:1;-ms-flex-positive:1;flex-grow:1;border-top:var(--divider-border-width) var(--divider-border-style) var(--divider-color)}.elementor-widget-divider--element-align-left .elementor-divider .elementor-divider-separator>.elementor-divider__svg:first-of-type{-webkit-box-flex:0;-ms-flex-positive:0;flex-grow:0;-ms-flex-negative:100;flex-shrink:100}.elementor-widget-divider--element-align-left .elementor-divider-separator:before{content:none}.elementor-widget-divider--element-align-left .elementor-divider__element{margin-left:0}.elementor-widget-divider--element-align-right .elementor-divider .elementor-divider-separator>.elementor-divider__svg:last-of-type{-webkit-box-flex:0;-ms-flex-positive:0;flex-grow:0;-ms-flex-negative:100;flex-shrink:100}.elementor-widget-divider--element-align-right .elementor-divider-separator:after{content:none}.elementor-widget-divider--element-align-right .elementor-divider__element{margin-right:0}.elementor-widget-divider:not(.elementor-widget-divider--view-line_text):not(.elementor-widget-divider--view-line_icon) .elementor-divider-separator{border-top:var(--divider-border-width) var(--divider-border-style) var(--divider-color)}.elementor-widget-divider--separator-type-pattern{--divider-border-style:none}.elementor-widget-divider--separator-type-pattern.elementor-widget-divider--view-line .elementor-divider-separator,.elementor-widget-divider--separator-type-pattern:not(.elementor-widget-divider--view-line) .elementor-divider-separator:after,.elementor-widget-divider--separator-type-pattern:not(.elementor-widget-divider--view-line) .elementor-divider-separator:before,.elementor-widget-divider--separator-type-pattern:not([class*=elementor-widget-divider--view]) .elementor-divider-separator{width:100%;min-height:var(--divider-pattern-height);-webkit-mask-size:var(--divider-pattern-size) 100%;mask-size:var(--divider-pattern-size) 100%;-webkit-mask-repeat:var(--divider-pattern-repeat);mask-repeat:var(--divider-pattern-repeat);background-color:var(--divider-color);-webkit-mask-image:var(--divider-pattern-url);mask-image:var(--divider-pattern-url)}.elementor-widget-divider--no-spacing{--divider-pattern-size:auto}.elementor-widget-divider--bg-round{--divider-pattern-repeat:round}.rtl .elementor-widget-divider .elementor-divider__text{direction:rtl}.e-con-inner>.elementor-widget-divider,.e-con>.elementor-widget-divider{width:var(--container-widget-width,100%)}<\/style>\t\t<div class=\"elementor-divider\">\n\t\t\t<span class=\"elementor-divider-separator\">\n\t\t\t\t\t\t<\/span>\n\t\t<\/div>\n\t\t\t\t<\/div>\n\t\t\t\t<\/div>\n\t\t\t\t\t<\/div>\n\t\t<\/div>\n\t\t\t\t\t\t\t<\/div>\n\t\t<\/section>\n\t\t\t\t\t\t\t<\/div>\n\t\t","protected":false},"excerpt":{"rendered":"<p>Rapport transnational https:\/\/drones4vet.eu\/videos\/crn-drones.mp4 Consultez tous les d\u00e9tails du cours pilote organis\u00e9 au CRN Paracuellos en cliquant sur le lien suivant :\u00a0https:\/\/edificayobracivil.centrosdeformacion.empleo.madrid.org\/curso-drones4vet Drones4VET est financ\u00e9 par le programme Erasmus+ de l&rsquo;Union europ\u00e9enne. Les opinions exprim\u00e9es dans les documents de travail, les livrables et les rapports sont celles des partenaires du consortium du projet. Ces points de &#8230; <a title=\"Cours pilote\" class=\"read-more\" href=\"https:\/\/drones4vet.eu\/fr\/rapport-transnational-2\/\" aria-label=\"Plus sur Cours pilote\">Lire la suite<\/a><\/p>\n","protected":false},"author":1,"featured_media":0,"parent":0,"menu_order":0,"comment_status":"closed","ping_status":"closed","template":"elementor_header_footer","meta":{"footnotes":""},"class_list":["post-4113","page","type-page","status-publish"],"yoast_head":"<!-- This site is optimized with the Yoast SEO plugin v19.10 - https:\/\/yoast.com\/wordpress\/plugins\/seo\/ -->\n<title>Cours pilote - drones4vet<\/title>\n<meta name=\"robots\" content=\"index, follow, max-snippet:-1, max-image-preview:large, max-video-preview:-1\" \/>\n<link rel=\"canonical\" href=\"https:\/\/drones4vet.eu\/fr\/rapport-transnational-2\/\" \/>\n<meta property=\"og:locale\" content=\"fr_FR\" \/>\n<meta property=\"og:type\" content=\"article\" \/>\n<meta property=\"og:title\" content=\"Cours pilote - drones4vet\" \/>\n<meta property=\"og:description\" content=\"Rapport transnational https:\/\/drones4vet.eu\/videos\/crn-drones.mp4 Consultez tous les d\u00e9tails du cours pilote organis\u00e9 au CRN Paracuellos en cliquant sur le lien suivant :\u00a0https:\/\/edificayobracivil.centrosdeformacion.empleo.madrid.org\/curso-drones4vet Drones4VET est financ\u00e9 par le programme Erasmus+ de l&rsquo;Union europ\u00e9enne. Les opinions exprim\u00e9es dans les documents de travail, les livrables et les rapports sont celles des partenaires du consortium du projet. Ces points de ... Lire la suite\" \/>\n<meta property=\"og:url\" content=\"https:\/\/drones4vet.eu\/fr\/rapport-transnational-2\/\" \/>\n<meta property=\"og:site_name\" content=\"drones4vet\" \/>\n<meta property=\"article:modified_time\" content=\"2024-12-13T07:21:56+00:00\" \/>\n<meta property=\"og:image\" content=\"http:\/\/drones4vet.eu\/wp-content\/uploads\/2022\/11\/logo-footer-300x144.webp\" \/>\n<meta name=\"twitter:card\" content=\"summary_large_image\" \/>\n<meta name=\"twitter:label1\" content=\"Dur\u00e9e de lecture estim\u00e9e\" \/>\n\t<meta name=\"twitter:data1\" content=\"1 minute\" \/>\n<script type=\"application\/ld+json\" class=\"yoast-schema-graph\">{\"@context\":\"https:\/\/schema.org\",\"@graph\":[{\"@type\":\"WebPage\",\"@id\":\"https:\/\/drones4vet.eu\/fr\/rapport-transnational-2\/\",\"url\":\"https:\/\/drones4vet.eu\/fr\/rapport-transnational-2\/\",\"name\":\"Cours pilote - drones4vet\",\"isPartOf\":{\"@id\":\"https:\/\/drones4vet.eu\/fr\/#website\"},\"datePublished\":\"2024-12-13T07:20:13+00:00\",\"dateModified\":\"2024-12-13T07:21:56+00:00\",\"breadcrumb\":{\"@id\":\"https:\/\/drones4vet.eu\/fr\/rapport-transnational-2\/#breadcrumb\"},\"inLanguage\":\"fr-FR\",\"potentialAction\":[{\"@type\":\"ReadAction\",\"target\":[\"https:\/\/drones4vet.eu\/fr\/rapport-transnational-2\/\"]}]},{\"@type\":\"BreadcrumbList\",\"@id\":\"https:\/\/drones4vet.eu\/fr\/rapport-transnational-2\/#breadcrumb\",\"itemListElement\":[{\"@type\":\"ListItem\",\"position\":1,\"name\":\"Portada\",\"item\":\"https:\/\/drones4vet.eu\/fr\/\"},{\"@type\":\"ListItem\",\"position\":2,\"name\":\"Cours pilote\"}]},{\"@type\":\"WebSite\",\"@id\":\"https:\/\/drones4vet.eu\/fr\/#website\",\"url\":\"https:\/\/drones4vet.eu\/fr\/\",\"name\":\"drones4vet\",\"description\":\"Just another WordPress site\",\"publisher\":{\"@id\":\"https:\/\/drones4vet.eu\/fr\/#organization\"},\"potentialAction\":[{\"@type\":\"SearchAction\",\"target\":{\"@type\":\"EntryPoint\",\"urlTemplate\":\"https:\/\/drones4vet.eu\/fr\/?s={search_term_string}\"},\"query-input\":\"required name=search_term_string\"}],\"inLanguage\":\"fr-FR\"},{\"@type\":\"Organization\",\"@id\":\"https:\/\/drones4vet.eu\/fr\/#organization\",\"name\":\"drones4vet\",\"url\":\"https:\/\/drones4vet.eu\/fr\/\",\"logo\":{\"@type\":\"ImageObject\",\"inLanguage\":\"fr-FR\",\"@id\":\"https:\/\/drones4vet.eu\/fr\/#\/schema\/logo\/image\/\",\"url\":\"https:\/\/drones4vet.eu\/wp-content\/uploads\/2023\/06\/cropped-drones-logo.png\",\"contentUrl\":\"https:\/\/drones4vet.eu\/wp-content\/uploads\/2023\/06\/cropped-drones-logo.png\",\"width\":600,\"height\":250,\"caption\":\"drones4vet\"},\"image\":{\"@id\":\"https:\/\/drones4vet.eu\/fr\/#\/schema\/logo\/image\/\"}}]}<\/script>\n<!-- \/ Yoast SEO plugin. -->","yoast_head_json":{"title":"Cours pilote - drones4vet","robots":{"index":"index","follow":"follow","max-snippet":"max-snippet:-1","max-image-preview":"max-image-preview:large","max-video-preview":"max-video-preview:-1"},"canonical":"https:\/\/drones4vet.eu\/fr\/rapport-transnational-2\/","og_locale":"fr_FR","og_type":"article","og_title":"Cours pilote - drones4vet","og_description":"Rapport transnational https:\/\/drones4vet.eu\/videos\/crn-drones.mp4 Consultez tous les d\u00e9tails du cours pilote organis\u00e9 au CRN Paracuellos en cliquant sur le lien suivant :\u00a0https:\/\/edificayobracivil.centrosdeformacion.empleo.madrid.org\/curso-drones4vet Drones4VET est financ\u00e9 par le programme Erasmus+ de l&rsquo;Union europ\u00e9enne. Les opinions exprim\u00e9es dans les documents de travail, les livrables et les rapports sont celles des partenaires du consortium du projet. Ces points de ... Lire la suite","og_url":"https:\/\/drones4vet.eu\/fr\/rapport-transnational-2\/","og_site_name":"drones4vet","article_modified_time":"2024-12-13T07:21:56+00:00","og_image":[{"url":"http:\/\/drones4vet.eu\/wp-content\/uploads\/2022\/11\/logo-footer-300x144.webp"}],"twitter_card":"summary_large_image","twitter_misc":{"Dur\u00e9e de lecture estim\u00e9e":"1 minute"},"schema":{"@context":"https:\/\/schema.org","@graph":[{"@type":"WebPage","@id":"https:\/\/drones4vet.eu\/fr\/rapport-transnational-2\/","url":"https:\/\/drones4vet.eu\/fr\/rapport-transnational-2\/","name":"Cours pilote - drones4vet","isPartOf":{"@id":"https:\/\/drones4vet.eu\/fr\/#website"},"datePublished":"2024-12-13T07:20:13+00:00","dateModified":"2024-12-13T07:21:56+00:00","breadcrumb":{"@id":"https:\/\/drones4vet.eu\/fr\/rapport-transnational-2\/#breadcrumb"},"inLanguage":"fr-FR","potentialAction":[{"@type":"ReadAction","target":["https:\/\/drones4vet.eu\/fr\/rapport-transnational-2\/"]}]},{"@type":"BreadcrumbList","@id":"https:\/\/drones4vet.eu\/fr\/rapport-transnational-2\/#breadcrumb","itemListElement":[{"@type":"ListItem","position":1,"name":"Portada","item":"https:\/\/drones4vet.eu\/fr\/"},{"@type":"ListItem","position":2,"name":"Cours pilote"}]},{"@type":"WebSite","@id":"https:\/\/drones4vet.eu\/fr\/#website","url":"https:\/\/drones4vet.eu\/fr\/","name":"drones4vet","description":"Just another WordPress site","publisher":{"@id":"https:\/\/drones4vet.eu\/fr\/#organization"},"potentialAction":[{"@type":"SearchAction","target":{"@type":"EntryPoint","urlTemplate":"https:\/\/drones4vet.eu\/fr\/?s={search_term_string}"},"query-input":"required name=search_term_string"}],"inLanguage":"fr-FR"},{"@type":"Organization","@id":"https:\/\/drones4vet.eu\/fr\/#organization","name":"drones4vet","url":"https:\/\/drones4vet.eu\/fr\/","logo":{"@type":"ImageObject","inLanguage":"fr-FR","@id":"https:\/\/drones4vet.eu\/fr\/#\/schema\/logo\/image\/","url":"https:\/\/drones4vet.eu\/wp-content\/uploads\/2023\/06\/cropped-drones-logo.png","contentUrl":"https:\/\/drones4vet.eu\/wp-content\/uploads\/2023\/06\/cropped-drones-logo.png","width":600,"height":250,"caption":"drones4vet"},"image":{"@id":"https:\/\/drones4vet.eu\/fr\/#\/schema\/logo\/image\/"}}]}},"_links":{"self":[{"href":"https:\/\/drones4vet.eu\/fr\/wp-json\/wp\/v2\/pages\/4113","targetHints":{"allow":["GET"]}}],"collection":[{"href":"https:\/\/drones4vet.eu\/fr\/wp-json\/wp\/v2\/pages"}],"about":[{"href":"https:\/\/drones4vet.eu\/fr\/wp-json\/wp\/v2\/types\/page"}],"author":[{"embeddable":true,"href":"https:\/\/drones4vet.eu\/fr\/wp-json\/wp\/v2\/users\/1"}],"replies":[{"embeddable":true,"href":"https:\/\/drones4vet.eu\/fr\/wp-json\/wp\/v2\/comments?post=4113"}],"version-history":[{"count":4,"href":"https:\/\/drones4vet.eu\/fr\/wp-json\/wp\/v2\/pages\/4113\/revisions"}],"predecessor-version":[{"id":4118,"href":"https:\/\/drones4vet.eu\/fr\/wp-json\/wp\/v2\/pages\/4113\/revisions\/4118"}],"wp:attachment":[{"href":"https:\/\/drones4vet.eu\/fr\/wp-json\/wp\/v2\/media?parent=4113"}],"curies":[{"name":"wp","href":"https:\/\/api.w.org\/{rel}","templated":true}]}}